{"id":47,"date":"2024-08-21T12:52:08","date_gmt":"2024-08-21T12:52:08","guid":{"rendered":"https:\/\/dev.fss.cd\/?page_id=47"},"modified":"2025-07-28T15:00:10","modified_gmt":"2025-07-28T15:00:10","slug":"contact","status":"publish","type":"page","link":"https:\/\/fss.cd\/index.php\/contact\/","title":{"rendered":"Contact"},"content":{"rendered":"\n<p style=\"font-size:16px\">Vos avis et suggestions sont les bienvenus et pour cela le FSS garde ses portes grandement ouvertes. Vous avez la possibilit\u00e9 d\u2019\u00e9changer avec nous en pr\u00e9sentiel tout comme en ligne.<\/p>\n\n\n\n<div class=\"wp-block-skt-blocks-section skt-blocks-block-section-outer-wrap block-7e5f4ae4-6f6e-4262-b8a4-3a6dc91a5d99 background-type-color alignundefined\" style=\"z-index:1;max-width:900px;margin-left:auto;margin-right:auto\"><style type=\"text\/css\"> @media only screen and (max-width: 976px){\n .block-7e5f4ae4-6f6e-4262-b8a4-3a6dc91a5d99 .skt-blocks-block-section{\n margin-top: 0px; margin-bottom: 0px; margin-left: 0px; margin-right: 0px; padding-top: 10px; padding-bottom: 10px; padding-left: 10px; padding-right: 10px; }\n}\n @media only screen and (max-width: 767px){\n .block-7e5f4ae4-6f6e-4262-b8a4-3a6dc91a5d99 .skt-blocks-block-section{\n margin-top: 0px; margin-bottom: 0px; margin-left: 0px; margin-right: 0px; padding-top: 10px; padding-bottom: 10px; padding-left: 10px; padding-right: 10px; }\n}\n @media only screen and (min-width: 976px){\n .block-7e5f4ae4-6f6e-4262-b8a4-3a6dc91a5d99 .skt-blocks-block-section{\n margin-top: 0px; margin-bottom: 0px; margin-left: 0px; margin-right: 0px; padding-top: 10px; padding-bottom: 10px; padding-left: 10px; padding-right: 10px; }\n}\n .block-7e5f4ae4-6f6e-4262-b8a4-3a6dc91a5d99.skt-blocks-block-section-outer-wrap.background-type-image{\n background-image: linear-gradient(rgba(255, 255, 255, 0.2),rgba(255, 255, 255, 0.2)),url(undefined); background-position: center-center; background-attachment: scroll; background-repeat: no-repeat; background-size: cover; border-radius: 0px; }\n .block-7e5f4ae4-6f6e-4262-b8a4-3a6dc91a5d99.skt-blocks-block-section-outer-wrap.background-type-image .skt-blocks-block-section.overlay-type-color{\n background-color: rgba(255, 255, 255, 0.2); }\n .block-7e5f4ae4-6f6e-4262-b8a4-3a6dc91a5d99.skt-blocks-block-section-outer-wrap.background-type-image .skt-blocks-block-section.overlay-type-gradient.linear{\n background-image: linear-gradient(0deg, rgba(255, 255, 255, 0.2) 0%, rgba(255, 255, 255, 0.2) 100%); }\n .block-7e5f4ae4-6f6e-4262-b8a4-3a6dc91a5d99.skt-blocks-block-section-outer-wrap.background-type-image .skt-blocks-block-section.overlay-type-gradient.radial{\n background-image: radial-gradient( at center center, rgba(255, 255, 255, 0.2) 0%, rgba(255, 255, 255, 0.2) 100%); }\n .block-7e5f4ae4-6f6e-4262-b8a4-3a6dc91a5d99.background-type-video .skt-blocks-block-section {\n background-color: rgba(255, 242, 242, 0.2); }\n<\/style><section class=\"responsive-section-wrap skt-blocks-block-section overlay-type-color linear\" style=\"border-width:1px;border-style:none;border-radius:0;background-color:rgba(255, 242, 242, 0.2);box-shadow:0px 0px 0px 0px undefined \"><div class=\"responsive-section-inner-wrap\" style=\"z-index:1\">\n<div class=\"wp-block-columns is-layout-flex wp-container-core-columns-is-layout-9d6595d7 wp-block-columns-is-layout-flex\">\n<div class=\"wp-block-column is-layout-flow wp-block-column-is-layout-flow\" style=\"flex-basis:33.33%\">\n<p class=\"has-text-color has-link-color wp-elements-bf32715484352a5e034e11e1439454d6\" style=\"color:#0856b5\"><a href=\"#\"><strong>Joignez-nous au :<\/strong><\/a><\/p>\n\n\n\n<p>+243 XXX XXX XXX<br> +243 XXX XXX XXX<\/p>\n\n\n\n<p class=\"has-text-color has-link-color wp-elements-593d97e315063ffdde555d988cb2ef02\" style=\"color:#0856b5\"><a href=\"#\"><strong>Ecrivez-nous :<\/strong><\/a><\/p>\n\n\n\n<p><a href=\"mailto:contact@fss.cd\">contact@fss.cd<\/a> ou <a href=\"mailto:maketing@fss.cd\">marketing@fss.cd<\/a><\/p>\n\n\n\n<p class=\"has-text-color has-link-color wp-elements-c923ece9e6367c8ad0e89c5196095887\" style=\"color:#0856b5\"><strong><a href=\"#\">Suivez nous sur nos pages :<\/a><\/strong><\/p>\n\n\n\n<ul class=\"wp-block-social-links is-style-logos-only is-layout-flex wp-block-social-links-is-layout-flex\"><li class=\"wp-social-link wp-social-link-facebook  wp-block-social-link\"><a rel=\"noopener nofollow\" target=\"_blank\" href=\"https:\/\/www.facebook.com\/share\/15askJXzpZ\/?mibextid=wwXIfr\" class=\"wp-block-social-link-anchor\"><svg width=\"24\" height=\"24\" viewBox=\"0 0 24 24\" version=\"1.1\" xmlns=\"http:\/\/www.w3.org\/2000\/svg\" aria-hidden=\"true\" focusable=\"false\"><path d=\"M12 2C6.5 2 2 6.5 2 12c0 5 3.7 9.1 8.4 9.9v-7H7.9V12h2.5V9.8c0-2.5 1.5-3.9 3.8-3.9 1.1 0 2.2.2 2.2.2v2.5h-1.3c-1.2 0-1.6.8-1.6 1.6V12h2.8l-.4 2.9h-2.3v7C18.3 21.1 22 17 22 12c0-5.5-4.5-10-10-10z\"><\/path><\/svg><span class=\"wp-block-social-link-label screen-reader-text\">Fonds de Solidarit\u00e9 de Sant\u00e9 &#8211; FSS RDC<\/span><\/a><\/li>\n\n<li class=\"wp-social-link wp-social-link-instagram  wp-block-social-link\"><a rel=\"noopener nofollow\" target=\"_blank\" href=\"https:\/\/www.instagram.com\/fss_rdc?igsh=NTBicTJpYTgwc2tu&#038;utm_source=qr\" class=\"wp-block-social-link-anchor\"><svg width=\"24\" height=\"24\" viewBox=\"0 0 24 24\" version=\"1.1\" xmlns=\"http:\/\/www.w3.org\/2000\/svg\" aria-hidden=\"true\" focusable=\"false\"><path d=\"M12,4.622c2.403,0,2.688,0.009,3.637,0.052c0.877,0.04,1.354,0.187,1.671,0.31c0.42,0.163,0.72,0.358,1.035,0.673 c0.315,0.315,0.51,0.615,0.673,1.035c0.123,0.317,0.27,0.794,0.31,1.671c0.043,0.949,0.052,1.234,0.052,3.637 s-0.009,2.688-0.052,3.637c-0.04,0.877-0.187,1.354-0.31,1.671c-0.163,0.42-0.358,0.72-0.673,1.035 c-0.315,0.315-0.615,0.51-1.035,0.673c-0.317,0.123-0.794,0.27-1.671,0.31c-0.949,0.043-1.233,0.052-3.637,0.052 s-2.688-0.009-3.637-0.052c-0.877-0.04-1.354-0.187-1.671-0.31c-0.42-0.163-0.72-0.358-1.035-0.673 c-0.315-0.315-0.51-0.615-0.673-1.035c-0.123-0.317-0.27-0.794-0.31-1.671C4.631,14.688,4.622,14.403,4.622,12 s0.009-2.688,0.052-3.637c0.04-0.877,0.187-1.354,0.31-1.671c0.163-0.42,0.358-0.72,0.673-1.035 c0.315-0.315,0.615-0.51,1.035-0.673c0.317-0.123,0.794-0.27,1.671-0.31C9.312,4.631,9.597,4.622,12,4.622 M12,3 C9.556,3,9.249,3.01,8.289,3.054C7.331,3.098,6.677,3.25,6.105,3.472C5.513,3.702,5.011,4.01,4.511,4.511 c-0.5,0.5-0.808,1.002-1.038,1.594C3.25,6.677,3.098,7.331,3.054,8.289C3.01,9.249,3,9.556,3,12c0,2.444,0.01,2.751,0.054,3.711 c0.044,0.958,0.196,1.612,0.418,2.185c0.23,0.592,0.538,1.094,1.038,1.594c0.5,0.5,1.002,0.808,1.594,1.038 c0.572,0.222,1.227,0.375,2.185,0.418C9.249,20.99,9.556,21,12,21s2.751-0.01,3.711-0.054c0.958-0.044,1.612-0.196,2.185-0.418 c0.592-0.23,1.094-0.538,1.594-1.038c0.5-0.5,0.808-1.002,1.038-1.594c0.222-0.572,0.375-1.227,0.418-2.185 C20.99,14.751,21,14.444,21,12s-0.01-2.751-0.054-3.711c-0.044-0.958-0.196-1.612-0.418-2.185c-0.23-0.592-0.538-1.094-1.038-1.594 c-0.5-0.5-1.002-0.808-1.594-1.038c-0.572-0.222-1.227-0.375-2.185-0.418C14.751,3.01,14.444,3,12,3L12,3z M12,7.378 c-2.552,0-4.622,2.069-4.622,4.622S9.448,16.622,12,16.622s4.622-2.069,4.622-4.622S14.552,7.378,12,7.378z M12,15 c-1.657,0-3-1.343-3-3s1.343-3,3-3s3,1.343,3,3S13.657,15,12,15z M16.804,6.116c-0.596,0-1.08,0.484-1.08,1.08 s0.484,1.08,1.08,1.08c0.596,0,1.08-0.484,1.08-1.08S17.401,6.116,16.804,6.116z\"><\/path><\/svg><span class=\"wp-block-social-link-label screen-reader-text\">FSS RDC<\/span><\/a><\/li>\n\n<li class=\"wp-social-link wp-social-link-tiktok  wp-block-social-link\"><a rel=\"noopener nofollow\" target=\"_blank\" href=\"https:\/\/www.tiktok.com\/@fssrdc?_t=ZM-8tHBAK8qNwz&#038;_r=1\" class=\"wp-block-social-link-anchor\"><svg width=\"24\" height=\"24\" viewBox=\"0 0 32 32\" version=\"1.1\" xmlns=\"http:\/\/www.w3.org\/2000\/svg\" aria-hidden=\"true\" focusable=\"false\"><path d=\"M16.708 0.027c1.745-0.027 3.48-0.011 5.213-0.027 0.105 2.041 0.839 4.12 2.333 5.563 1.491 1.479 3.6 2.156 5.652 2.385v5.369c-1.923-0.063-3.855-0.463-5.6-1.291-0.76-0.344-1.468-0.787-2.161-1.24-0.009 3.896 0.016 7.787-0.025 11.667-0.104 1.864-0.719 3.719-1.803 5.255-1.744 2.557-4.771 4.224-7.88 4.276-1.907 0.109-3.812-0.411-5.437-1.369-2.693-1.588-4.588-4.495-4.864-7.615-0.032-0.667-0.043-1.333-0.016-1.984 0.24-2.537 1.495-4.964 3.443-6.615 2.208-1.923 5.301-2.839 8.197-2.297 0.027 1.975-0.052 3.948-0.052 5.923-1.323-0.428-2.869-0.308-4.025 0.495-0.844 0.547-1.485 1.385-1.819 2.333-0.276 0.676-0.197 1.427-0.181 2.145 0.317 2.188 2.421 4.027 4.667 3.828 1.489-0.016 2.916-0.88 3.692-2.145 0.251-0.443 0.532-0.896 0.547-1.417 0.131-2.385 0.079-4.76 0.095-7.145 0.011-5.375-0.016-10.735 0.025-16.093z\" \/><\/svg><span class=\"wp-block-social-link-label screen-reader-text\">TikTok<\/span><\/a><\/li>\n\n<li class=\"wp-social-link wp-social-link-x  wp-block-social-link\"><a rel=\"noopener nofollow\" target=\"_blank\" href=\"#\" class=\"wp-block-social-link-anchor\"><svg width=\"24\" height=\"24\" viewBox=\"0 0 24 24\" version=\"1.1\" xmlns=\"http:\/\/www.w3.org\/2000\/svg\" aria-hidden=\"true\" focusable=\"false\"><path d=\"M13.982 10.622 20.54 3h-1.554l-5.693 6.618L8.745 3H3.5l6.876 10.007L3.5 21h1.554l6.012-6.989L15.868 21h5.245l-7.131-10.378Zm-2.128 2.474-.697-.997-5.543-7.93H8l4.474 6.4.697.996 5.815 8.318h-2.387l-4.745-6.787Z\" \/><\/svg><span class=\"wp-block-social-link-label screen-reader-text\">X<\/span><\/a><\/li>\n\n<li class=\"wp-social-link wp-social-link-youtube  wp-block-social-link\"><a rel=\"noopener nofollow\" target=\"_blank\" href=\"https:\/\/youtube.com\/@fondsdesolidaritedesante?si=-uQ4aCI1BEUSfS8R\" class=\"wp-block-social-link-anchor\"><svg width=\"24\" height=\"24\" viewBox=\"0 0 24 24\" version=\"1.1\" xmlns=\"http:\/\/www.w3.org\/2000\/svg\" aria-hidden=\"true\" focusable=\"false\"><path d=\"M21.8,8.001c0,0-0.195-1.378-0.795-1.985c-0.76-0.797-1.613-0.801-2.004-0.847c-2.799-0.202-6.997-0.202-6.997-0.202 h-0.009c0,0-4.198,0-6.997,0.202C4.608,5.216,3.756,5.22,2.995,6.016C2.395,6.623,2.2,8.001,2.2,8.001S2,9.62,2,11.238v1.517 c0,1.618,0.2,3.237,0.2,3.237s0.195,1.378,0.795,1.985c0.761,0.797,1.76,0.771,2.205,0.855c1.6,0.153,6.8,0.201,6.8,0.201 s4.203-0.006,7.001-0.209c0.391-0.047,1.243-0.051,2.004-0.847c0.6-0.607,0.795-1.985,0.795-1.985s0.2-1.618,0.2-3.237v-1.517 C22,9.62,21.8,8.001,21.8,8.001z M9.935,14.594l-0.001-5.62l5.404,2.82L9.935,14.594z\"><\/path><\/svg><span class=\"wp-block-social-link-label screen-reader-text\">FSS RDC<\/span><\/a><\/li>\n\n<li class=\"wp-social-link wp-social-link-linkedin  wp-block-social-link\"><a rel=\"noopener nofollow\" target=\"_blank\" href=\"https:\/\/www.linkedin.com\/company\/fonds-de-solidarit%C3%A9-de-sant%C3%A9\/posts\/?feedView=all\" class=\"wp-block-social-link-anchor\"><svg width=\"24\" height=\"24\" viewBox=\"0 0 24 24\" version=\"1.1\" xmlns=\"http:\/\/www.w3.org\/2000\/svg\" aria-hidden=\"true\" focusable=\"false\"><path d=\"M19.7,3H4.3C3.582,3,3,3.582,3,4.3v15.4C3,20.418,3.582,21,4.3,21h15.4c0.718,0,1.3-0.582,1.3-1.3V4.3 C21,3.582,20.418,3,19.7,3z M8.339,18.338H5.667v-8.59h2.672V18.338z M7.004,8.574c-0.857,0-1.549-0.694-1.549-1.548 c0-0.855,0.691-1.548,1.549-1.548c0.854,0,1.547,0.694,1.547,1.548C8.551,7.881,7.858,8.574,7.004,8.574z M18.339,18.338h-2.669 v-4.177c0-0.996-0.017-2.278-1.387-2.278c-1.389,0-1.601,1.086-1.601,2.206v4.249h-2.667v-8.59h2.559v1.174h0.037 c0.356-0.675,1.227-1.387,2.526-1.387c2.703,0,3.203,1.779,3.203,4.092V18.338z\"><\/path><\/svg><span class=\"wp-block-social-link-label screen-reader-text\">#<\/span><\/a><\/li>\n\n<li class=\"wp-social-link wp-social-link-snapchat  wp-block-social-link\"><a rel=\"noopener nofollow\" target=\"_blank\" href=\"https:\/\/snapchat.com\/t\/inaHOa5j\" class=\"wp-block-social-link-anchor\"><svg width=\"24\" height=\"24\" viewBox=\"0 0 24 24\" version=\"1.1\" xmlns=\"http:\/\/www.w3.org\/2000\/svg\" aria-hidden=\"true\" focusable=\"false\"><path d=\"M12.065,2a5.526,5.526,0,0,1,3.132.892A5.854,5.854,0,0,1,17.326,5.4a5.821,5.821,0,0,1,.351,2.33q0,.612-.117,2.487a.809.809,0,0,0,.365.091,1.93,1.93,0,0,0,.664-.176,1.93,1.93,0,0,1,.664-.176,1.3,1.3,0,0,1,.729.234.7.7,0,0,1,.351.6.839.839,0,0,1-.41.7,2.732,2.732,0,0,1-.9.41,3.192,3.192,0,0,0-.9.378.728.728,0,0,0-.41.618,1.575,1.575,0,0,0,.156.56,6.9,6.9,0,0,0,1.334,1.953,5.6,5.6,0,0,0,1.881,1.315,5.875,5.875,0,0,0,1.042.3.42.42,0,0,1,.365.456q0,.911-2.852,1.341a1.379,1.379,0,0,0-.143.507,1.8,1.8,0,0,1-.182.605.451.451,0,0,1-.429.241,5.878,5.878,0,0,1-.807-.085,5.917,5.917,0,0,0-.833-.085,4.217,4.217,0,0,0-.807.065,2.42,2.42,0,0,0-.82.293,6.682,6.682,0,0,0-.755.5q-.351.267-.755.527a3.886,3.886,0,0,1-.989.436A4.471,4.471,0,0,1,11.831,22a4.307,4.307,0,0,1-1.256-.176,3.784,3.784,0,0,1-.976-.436q-.4-.26-.749-.527a6.682,6.682,0,0,0-.755-.5,2.422,2.422,0,0,0-.807-.293,4.432,4.432,0,0,0-.82-.065,5.089,5.089,0,0,0-.853.1,5,5,0,0,1-.762.1.474.474,0,0,1-.456-.241,1.819,1.819,0,0,1-.182-.618,1.411,1.411,0,0,0-.143-.521q-2.852-.429-2.852-1.341a.42.42,0,0,1,.365-.456,5.793,5.793,0,0,0,1.042-.3,5.524,5.524,0,0,0,1.881-1.315,6.789,6.789,0,0,0,1.334-1.953A1.575,1.575,0,0,0,6,12.9a.728.728,0,0,0-.41-.618,3.323,3.323,0,0,0-.9-.384,2.912,2.912,0,0,1-.9-.41.814.814,0,0,1-.41-.684.71.71,0,0,1,.338-.593,1.208,1.208,0,0,1,.716-.241,1.976,1.976,0,0,1,.625.169,2.008,2.008,0,0,0,.69.169.919.919,0,0,0,.416-.091q-.117-1.849-.117-2.474A5.861,5.861,0,0,1,6.385,5.4,5.516,5.516,0,0,1,8.625,2.819,7.075,7.075,0,0,1,12.062,2Z\"><\/path><\/svg><span class=\"wp-block-social-link-label screen-reader-text\">Snapchat<\/span><\/a><\/li><\/ul>\n<\/div>\n\n\n\n<div class=\"wp-block-column is-layout-flow wp-block-column-is-layout-flow\" style=\"flex-basis:66.66%\"><div class=\"frm_forms  with_frm_style frm_style_style-formidable\" id=\"frm_form_1_container\" >\n<form enctype=\"multipart\/form-data\" method=\"post\" class=\"frm-show-form \" id=\"form_contact-form\" >\n<div class=\"frm_form_fields \">\n<fieldset>\n<legend class=\"frm_screen_reader\">Contact Us<\/legend>\r\n\r\n<div class=\"frm_fields_container\">\n<input type=\"hidden\" name=\"frm_action\" value=\"create\" \/>\n<input type=\"hidden\" name=\"form_id\" value=\"1\" \/>\n<input type=\"hidden\" name=\"frm_hide_fields_1\" id=\"frm_hide_fields_1\" value=\"\" \/>\n<input type=\"hidden\" name=\"form_key\" value=\"contact-form\" \/>\n<input type=\"hidden\" name=\"item_meta[0]\" value=\"\" \/>\n<input type=\"hidden\" id=\"frm_submit_entry_1\" name=\"frm_submit_entry_1\" value=\"30ae0b2ccb\" \/><input type=\"hidden\" name=\"_wp_http_referer\" value=\"\/index.php\/wp-json\/wp\/v2\/pages\/47\" \/><div id=\"frm_field_1_container\" class=\"frm_form_field form-field  frm_required_field frm_top_container frm_first frm_half\">\r\n\t<label for=\"field_qh4icy\" id=\"field_qh4icy_label\" class=\"frm_primary_label\">Nom\r\n\t\t<span class=\"frm_required\" aria-hidden=\"true\">*<\/span>\r\n\t<\/label>\r\n\t<input type=\"text\" id=\"field_qh4icy\" name=\"item_meta[1]\" value=\"\"  data-reqmsg=\"Nom ne peut pas \u00eatre vide.\" aria-required=\"true\" data-invmsg=\"Nom est non valide\" aria-invalid=\"false\"  \/>\r\n\t\r\n\t\r\n<\/div>\n<div id=\"frm_field_2_container\" class=\"frm_form_field form-field  frm_required_field frm_top_container frm_half\">\r\n\t<label for=\"field_ocfup1\" id=\"field_ocfup1_label\" class=\"frm_primary_label\">Pr\u00e9nom\r\n\t\t<span class=\"frm_required\" aria-hidden=\"true\">*<\/span>\r\n\t<\/label>\r\n\t<input type=\"text\" id=\"field_ocfup1\" name=\"item_meta[2]\" value=\"\"  data-reqmsg=\"Pr\u00e9nom ne peut pas \u00eatre vide.\" aria-required=\"true\" data-invmsg=\"Pr\u00e9nom est non valide\" aria-invalid=\"false\"  \/>\r\n\t\r\n\t\r\n<\/div>\n<div id=\"frm_field_16_container\" class=\"frm_form_field form-field  frm_top_container\">\r\n\t<label for=\"field_qthp9\" id=\"field_qthp9_label\" class=\"frm_primary_label\">T\u00e9l\u00e9phone\r\n\t\t<span class=\"frm_required\" aria-hidden=\"true\"><\/span>\r\n\t<\/label>\r\n\t<input type=\"tel\" id=\"field_qthp9\" name=\"item_meta[16]\" value=\"\"  data-invmsg=\"T\u00e9l\u00e9phone est non valide\" aria-invalid=\"false\" pattern=\"((\\+\\d{1,3}(-|.| )?\\(?\\d\\)?(-| |.)?\\d{1,5})|(\\(?\\d{2,6}\\)?))(-|.| )?(\\d{3,4})(-|.| )?(\\d{4})(( x| ext)\\d{1,5}){0,1}$\"  \/>\r\n\t\r\n\t\r\n<\/div>\n<div id=\"frm_field_3_container\" class=\"frm_form_field form-field  frm_required_field frm_top_container frm_full\">\r\n\t<label for=\"field_29yf4d\" id=\"field_29yf4d_label\" class=\"frm_primary_label\">Email\r\n\t\t<span class=\"frm_required\" aria-hidden=\"true\">*<\/span>\r\n\t<\/label>\r\n\t<input type=\"email\" id=\"field_29yf4d\" name=\"item_meta[3]\" value=\"\"  data-reqmsg=\"Email ne peut pas \u00eatre vide.\" aria-required=\"true\" data-invmsg=\"Please enter a valid email address\" aria-invalid=\"false\"  \/>\r\n\t\r\n\t\r\n<\/div>\n<div id=\"frm_field_4_container\" class=\"frm_form_field form-field  frm_required_field frm_top_container frm_full\">\r\n\t<label for=\"field_e6lis6\" id=\"field_e6lis6_label\" class=\"frm_primary_label\">Object \r\n\t\t<span class=\"frm_required\" aria-hidden=\"true\">*<\/span>\r\n\t<\/label>\r\n\t<input type=\"text\" id=\"field_e6lis6\" name=\"item_meta[4]\" value=\"\"  data-reqmsg=\"Object  ne peut pas \u00eatre vide.\" aria-required=\"true\" data-invmsg=\"Object  est non valide\" aria-invalid=\"false\"  \/>\r\n\t\r\n\t\r\n<\/div>\n<div id=\"frm_field_5_container\" class=\"frm_form_field form-field  frm_required_field frm_top_container frm_full\">\r\n\t<label for=\"field_9jv0r1\" id=\"field_9jv0r1_label\" class=\"frm_primary_label\">Message\r\n\t\t<span class=\"frm_required\" aria-hidden=\"true\">*<\/span>\r\n\t<\/label>\r\n\t<textarea name=\"item_meta[5]\" id=\"field_9jv0r1\" rows=\"5\"  data-reqmsg=\"Message ne peut pas \u00eatre vide.\" aria-required=\"true\" data-invmsg=\"Message est non valide\" aria-invalid=\"false\"  ><\/textarea>\r\n\t\r\n\t\r\n<\/div>\n<div id=\"frm_field_15_container\" class=\"frm_form_field form-field \">\r\n\t<div class=\"frm_submit frm_flex\">\r\n<button class=\"frm_button_submit\" type=\"submit\"  >Envoyer<\/button>\r\n\r\n\r\n\r\n<\/div>\r\n<\/div>\n\t<input type=\"hidden\" name=\"item_key\" value=\"\" \/>\n\t\t\t<div id=\"frm_field_20_container\">\n\t\t\t<label for=\"field_t1wjf\" >\n\t\t\t\tSi vous \u00eates un humain, ne remplissez pas ce champ.\t\t\t<\/label>\n\t\t\t<input  id=\"field_t1wjf\" type=\"text\" class=\"frm_form_field form-field frm_verify\" name=\"item_meta[20]\" value=\"\"  \/>\n\t\t<\/div>\n\t\t<input name=\"frm_state\" type=\"hidden\" value=\"6IHBlUHdu2+G6kQYKa3ZOq7QxC3\/6cAvLApbb5\/4fig=\" \/><\/div>\n<\/fieldset>\n<\/div>\n\n<\/form>\n<\/div>\n<\/div>\n<\/div>\n<\/div><\/section><\/div>\n\n\n\n<div class=\"wp-block-columns is-layout-flex wp-container-core-columns-is-layout-9d6595d7 wp-block-columns-is-layout-flex\">\n<div class=\"wp-block-column is-layout-flow wp-block-column-is-layout-flow\">\n<p style=\"font-size:16px\">Le Fonds de Solidarit\u00e9 de Sant\u00e9&nbsp; se situe \u00e0 Kinshasa, capitale de la R\u00e9publique D\u00e9mocratique du Congo,&nbsp; au&nbsp; 1er&nbsp; niveau de l&rsquo; immeuble&nbsp;Robem Tower sur l&rsquo;avenue Uvira N\u00b072&nbsp; dans la&nbsp; Commune de la Gombe .<\/p>\n\n\n\n<div class=\"wp-block-skt-blocks-googlemap skt-blocks-block-googlemap\"><iframe title=\"Google map\" frameborder=\"0\" style=\"width:100%;min-height:560px\" src=\"https:\/\/www.google.com\/maps?q=FSS%20DRC%2C%20M7JH%2BFVJ%2C%20Kinshasa&amp;output=embed&amp;z=12\"><\/iframe><\/div>\n<\/div>\n<\/div>\n","protected":false},"excerpt":{"rendered":"<p>Vos avis et suggestions sont les bienvenus et pour cela le FSS garde ses portes grandement ouvertes. Vous avez la possibilit\u00e9 d\u2019\u00e9changer avec nous en [&hellip;]<\/p>\n","protected":false},"author":1,"featured_media":1107,"parent":0,"menu_order":0,"comment_status":"closed","ping_status":"closed","template":"","meta":{"footnotes":""},"class_list":["post-47","page","type-page","status-publish","has-post-thumbnail","hentry"],"featured_image_src":"https:\/\/fss.cd\/wp-content\/uploads\/2025\/07\/CONTACT-.png","featured_image_src_square":"https:\/\/fss.cd\/wp-content\/uploads\/2025\/07\/CONTACT-.png","rbea_author_info":{"display_name":"admin","author_link":"https:\/\/fss.cd\/index.php\/author\/admin\/"},"rbea_excerpt_info":"Vos avis et suggestions sont les bienvenus et pour cela le FSS garde ses portes grandement ouvertes. Vous avez la possibilit\u00e9 d\u2019\u00e9changer avec nous en [&hellip;]","rttpg_featured_image_url":{"full":["https:\/\/fss.cd\/wp-content\/uploads\/2025\/07\/CONTACT-.png",1288,280,false],"landscape":["https:\/\/fss.cd\/wp-content\/uploads\/2025\/07\/CONTACT-.png",1288,280,false],"portraits":["https:\/\/fss.cd\/wp-content\/uploads\/2025\/07\/CONTACT-.png",1288,280,false],"thumbnail":["https:\/\/fss.cd\/wp-content\/uploads\/2025\/07\/CONTACT--150x150.png",150,150,true],"medium":["https:\/\/fss.cd\/wp-content\/uploads\/2025\/07\/CONTACT--300x65.png",300,65,true],"large":["https:\/\/fss.cd\/wp-content\/uploads\/2025\/07\/CONTACT--1024x223.png",640,139,true],"1536x1536":["https:\/\/fss.cd\/wp-content\/uploads\/2025\/07\/CONTACT-.png",1288,280,false],"2048x2048":["https:\/\/fss.cd\/wp-content\/uploads\/2025\/07\/CONTACT-.png",1288,280,false]},"rttpg_author":{"display_name":"admin","author_link":"https:\/\/fss.cd\/index.php\/author\/admin\/"},"rttpg_comment":0,"rttpg_category":null,"rttpg_excerpt":"Vos avis et suggestions sont les bienvenus et pour cela le FSS garde ses portes grandement ouvertes. Vous avez la possibilit\u00e9 d\u2019\u00e9changer avec nous en [&hellip;]","_links":{"self":[{"href":"https:\/\/fss.cd\/index.php\/wp-json\/wp\/v2\/pages\/47","targetHints":{"allow":["GET"]}}],"collection":[{"href":"https:\/\/fss.cd\/index.php\/wp-json\/wp\/v2\/pages"}],"about":[{"href":"https:\/\/fss.cd\/index.php\/wp-json\/wp\/v2\/types\/page"}],"author":[{"embeddable":true,"href":"https:\/\/fss.cd\/index.php\/wp-json\/wp\/v2\/users\/1"}],"replies":[{"embeddable":true,"href":"https:\/\/fss.cd\/index.php\/wp-json\/wp\/v2\/comments?post=47"}],"version-history":[{"count":29,"href":"https:\/\/fss.cd\/index.php\/wp-json\/wp\/v2\/pages\/47\/revisions"}],"predecessor-version":[{"id":1211,"href":"https:\/\/fss.cd\/index.php\/wp-json\/wp\/v2\/pages\/47\/revisions\/1211"}],"wp:featuredmedia":[{"embeddable":true,"href":"https:\/\/fss.cd\/index.php\/wp-json\/wp\/v2\/media\/1107"}],"wp:attachment":[{"href":"https:\/\/fss.cd\/index.php\/wp-json\/wp\/v2\/media?parent=47"}],"curies":[{"name":"wp","href":"https:\/\/api.w.org\/{rel}","templated":true}]}}