{"id":24,"date":"2024-08-21T12:44:53","date_gmt":"2024-08-21T12:44:53","guid":{"rendered":"https:\/\/dev.fss.cd\/?page_id=24"},"modified":"2025-07-28T14:28:51","modified_gmt":"2025-07-28T14:28:51","slug":"about","status":"publish","type":"page","link":"https:\/\/fss.cd\/index.php\/about\/","title":{"rendered":"A propos"},"content":{"rendered":"\n<h2 class=\"wp-block-heading has-text-color has-link-color wp-elements-637012a4b72b6764c6489ebc72e7f5f7\" style=\"color:#0856b5;font-size:25px\">Soins de qualit\u00e9 pour tous en RDC<\/h2>\n\n\n\n<section class=\"wp-block-group alignwide has-text-color\" style=\"border-style:none;border-width:0px;color:#3e3e3e;margin-top:0px;padding-top:4rem;padding-right:1rem;padding-bottom:4rem;padding-left:1rem;font-size:1.13rem;font-style:normal;font-weight:400;line-height:1.4\"><div class=\"wp-block-group__inner-container is-layout-constrained wp-container-core-group-is-layout-3f17efc1 wp-block-group-is-layout-constrained\">\n<div class=\"wp-block-columns is-layout-flex wp-container-core-columns-is-layout-9769440d wp-block-columns-is-layout-flex\" style=\"padding-top:2rem;padding-right:0px;padding-bottom:2rem;padding-left:0px\">\n<div class=\"wp-block-column is-layout-flow wp-block-column-is-layout-flow\" style=\"flex-basis:20%\"><div class=\"wp-block-image\">\n<figure class=\"alignleft size-full is-resized\"><img loading=\"lazy\" decoding=\"async\" width=\"175\" height=\"77\" src=\"https:\/\/fss.cd\/wp-content\/uploads\/2025\/03\/FSS_Logo_.png\" alt=\"\" class=\"wp-image-547\" style=\"width:211px\"\/><\/figure>\n<\/div><\/div>\n\n\n\n<div class=\"wp-block-column is-vertically-aligned-center is-layout-flow wp-block-column-is-layout-flow\" style=\"flex-basis:90%\">\n<h2 class=\"wp-block-heading has-text-color has-link-color wp-elements-4385842920d06e175dc6a3db13294f0a\" style=\"color:#0856b5;font-size:20px\">Notre engagement :<\/h2>\n\n\n\n<p>Am\u00e9liorer la qualit\u00e9 des soins de sant\u00e9 \u00e0 travers tout le pays. Nous croyons que chaque Congolais m\u00e9rite des soins de sant\u00e9 de qualit\u00e9, sans craindre pour ses finances. Notre mission est de rendre la sant\u00e9 accessible \u00e0 tous, quelles que soient leurs conditions sociales et financi\u00e8res.<\/p>\n\n\n\n<div class=\"wp-block-buttons has-custom-font-size is-content-justification-left is-layout-flex wp-container-core-buttons-is-layout-6ee5f2de wp-block-buttons-is-layout-flex\" style=\"margin-top:2rem;margin-bottom:2rem;font-size:1.1rem;line-height:1.5\">\n<div class=\"wp-block-button is-style-fill\"><a class=\"wp-block-button__link has-text-color has-background has-custom-font-size wp-element-button\" href=\"https:\/\/fss.cd\/index.php\/contact\/\" style=\"border-radius:0px;color:#ffffff;background-color:#e27013;padding-top:0.9rem;padding-right:3.5rem;padding-bottom:0.9rem;padding-left:3.5rem;font-size:1.1rem;font-style:normal;font-weight:400;line-height:1.1;text-transform:uppercase\">REJOIGNEZ-NOUS<\/a><\/div>\n<\/div>\n<\/div>\n<\/div>\n<\/div><\/section>\n\n\n\n<h3 class=\"wp-block-heading has-text-color has-link-color wp-elements-76aae239f4623b16b07ea2815fc4ec1e\" style=\"color:#0856b5\">1. Qui sommes nous ?<\/h3>\n\n\n\n<p>Le FSS est la caisse nationale d\u2019assurance maladie de la R\u00e9publique D\u00e9mocratique du Congo, avec si\u00e8ge social \u00e0 Kinshasa la capitale et repr\u00e9sentations en provinces, Il fait partie des 7 \u00e9tablissements de facilitation de la Couverture Sant\u00e9 Universelle.<\/p>\n\n\n\n<p>La CSU, c&rsquo;est le **Prends soin de toi, sans ruiner ton compte en banque.** Et elle le fait \u00e0 travers le FSS.<\/p>\n\n\n\n<h3 class=\"wp-block-heading has-text-color has-link-color wp-elements-d81606eaddebfe468063b656f9b8399e\" style=\"color:#0856b5\">2. Mission<\/h3>\n\n\n\n<blockquote class=\"wp-block-quote is-layout-flow wp-block-quote-is-layout-flow\">\n<p><strong><em>Le FSS, Fonds de Solidarit\u00e9 de Sant\u00e9, a pour mission de :<\/em><\/strong><\/p>\n<\/blockquote>\n\n\n\n<ol class=\"wp-block-list\">\n<li>Collecter les cotisations et contributions destin\u00e9es \u00e0 l\u2019assurance maladie obligatoire en RDC.<\/li>\n\n\n\n<li>G\u00e9rer les fonds ainsi collect\u00e9s.<\/li>\n\n\n\n<li>Payer les frais m\u00e9dicaux des populations sous couverture.<\/li>\n<\/ol>\n\n\n\n<h3 class=\"wp-block-heading has-text-color has-link-color wp-elements-ea1d0396903216e3807a50766fe088b2\" style=\"color:#0856b5\">3. Vision<\/h3>\n\n\n\n<blockquote class=\"wp-block-quote is-layout-flow wp-block-quote-is-layout-flow\">\n<p><strong><em>\u00abFaire du FSS une caisse nationale d\u2019assurance maladie de r\u00e9f\u00e9rence en Afrique<\/em><\/strong>\u00bb<\/p>\n<\/blockquote>\n\n\n\n<p>\u00ab Devenir la caisse d\u2019assurance maladie de r\u00e9f\u00e9rence en Afrique, en offrant des solutions de couverture de sant\u00e9 accessibles et de qualit\u00e9.&nbsp; Nous visons \u00e0 partager notre expertise avec d\u2019autres pays africains en contribuant \u00e0 l\u2019am\u00e9lioration des syst\u00e8mes de sant\u00e9 \u00e0 l\u2019\u00e9chelle nationale.\u00bb<\/p>\n\n\n\n<h3 class=\"wp-block-heading has-text-color has-link-color wp-elements-74ff1c1ad8e593f6131a1d80c7996647\" style=\"color:#0856b5\">4. Valeurs<\/h3>\n\n\n\n<p>Le FSS assume pleinement ses responsabilit\u00e9s vis-\u00e0-vis de ses assur\u00e9s, en veillant au respect de ses engagements contractuels, mais aussi en g\u00e9rant les fonds de mani\u00e8re responsable et \u00e9thique. Ses responsabilit\u00e9s comprennent \u00e9galement le respect des normes l\u00e9gales et de la protection des donn\u00e9es personnelles des clients.<\/p>\n\n\n\n<p>Ses valeurs qui sont la transparence, la redevabilit\u00e9, le respect et l&rsquo;int\u00e9grit\u00e9 contribuent \u00e0 cr\u00e9er une relation de confiance entre le Fonds de Solidarit\u00e9 de Sant\u00e9 et ses assur\u00e9s, favorisant ainsi une exp\u00e9rience client positive et durable. Elles sont essentielles pour notre image et l\u2019impact social vers lequel nous tendons.<\/p>\n\n\n\n<section class=\"wp-block-group alignfull has-text-color\" style=\"color:#3f3f3f;margin-top:0px;padding-top:5.01rem;padding-right:1rem;padding-bottom:5rem;padding-left:1rem;font-size:1.13rem;font-style:normal;font-weight:400;line-height:1.4\"><div class=\"wp-block-group__inner-container is-layout-constrained wp-container-core-group-is-layout-51a049d2 wp-block-group-is-layout-constrained\">\n<h2 class=\"wp-block-heading has-text-color has-link-color wp-elements-4b8e5fa00b926fd41b9dfe88c7a61364\" style=\"color:#0856b5;font-size:26px\">Notre \u00e9quipe dirigeante<\/h2>\n\n\n\n<div class=\"wp-block-columns is-layout-flex wp-container-core-columns-is-layout-9d6595d7 wp-block-columns-is-layout-flex\">\n<div class=\"wp-block-column is-layout-flow wp-block-column-is-layout-flow\">\n<p>Rencontrez notre \u00e9quipe d\u00e9vou\u00e9e, compos\u00e9e de professionnels passionn\u00e9s par la sant\u00e9. Chacun de nos membres travaille avec engagement pour offrir des soins de qualit\u00e9 \u00e0 la R\u00e9publique D\u00e9mocratique du Congo. <\/p>\n<\/div>\n\n\n\n<div class=\"wp-block-column is-layout-flow wp-block-column-is-layout-flow\"><div class=\"wp-block-image is-style-rounded\">\n<figure class=\"aligncenter size-full is-resized\"><img loading=\"lazy\" decoding=\"async\" width=\"600\" height=\"600\" src=\"https:\/\/fss.cd\/wp-content\/uploads\/2025\/03\/avatarH.jpg\" alt=\"\" class=\"wp-image-539\" style=\"width:204px;height:auto\" srcset=\"https:\/\/fss.cd\/wp-content\/uploads\/2025\/03\/avatarH.jpg 600w, https:\/\/fss.cd\/wp-content\/uploads\/2025\/03\/avatarH-300x300.jpg 300w, https:\/\/fss.cd\/wp-content\/uploads\/2025\/03\/avatarH-150x150.jpg 150w\" sizes=\"auto, (max-width: 600px) 100vw, 600px\" \/><\/figure>\n<\/div>\n\n\n<div style=\"height:20px\" aria-hidden=\"true\" class=\"wp-block-spacer\"><\/div>\n\n\n\n<h2 class=\"wp-block-heading has-text-align-center\" style=\"font-size:23px\">Dr. Mbongani Kabila Polydor<\/h2>\n\n\n\n<p class=\"has-text-align-center has-text-color has-link-color wp-elements-39c239a3861b0993effc775a774b0e5e\" style=\"color:#1173c5\">Pr\u00e9sident du Conseil d&rsquo;Administration (PCA)<\/p>\n<\/div>\n\n\n\n<div class=\"wp-block-column is-layout-flow wp-block-column-is-layout-flow\"><div class=\"wp-block-image is-style-rounded\">\n<figure class=\"aligncenter size-full is-resized\"><img loading=\"lazy\" decoding=\"async\" width=\"600\" height=\"600\" src=\"https:\/\/fss.cd\/wp-content\/uploads\/2025\/03\/avatarH.jpg\" alt=\"\" class=\"wp-image-539\" style=\"width:204px\" srcset=\"https:\/\/fss.cd\/wp-content\/uploads\/2025\/03\/avatarH.jpg 600w, https:\/\/fss.cd\/wp-content\/uploads\/2025\/03\/avatarH-300x300.jpg 300w, https:\/\/fss.cd\/wp-content\/uploads\/2025\/03\/avatarH-150x150.jpg 150w\" sizes=\"auto, (max-width: 600px) 100vw, 600px\" \/><\/figure>\n<\/div>\n\n\n<div style=\"height:20px\" aria-hidden=\"true\" class=\"wp-block-spacer\"><\/div>\n\n\n\n<h2 class=\"wp-block-heading has-text-align-center\" style=\"font-size:23px\">Dr. Anatole Mangala<\/h2>\n\n\n\n<p class=\"has-text-align-center has-text-color has-link-color wp-elements-357073a7288920c5f40b0cb2f2de7b84\" style=\"color:#1173c5\">Directeur G\u00e9n\u00e9ral (DG)<\/p>\n<\/div>\n\n\n\n<div class=\"wp-block-column is-layout-flow wp-block-column-is-layout-flow\">\n<figure class=\"wp-block-image size-full is-resized is-style-rounded\"><img loading=\"lazy\" decoding=\"async\" width=\"600\" height=\"600\" src=\"https:\/\/fss.cd\/wp-content\/uploads\/2025\/03\/avatarH.jpg\" alt=\"\" class=\"wp-image-539\" style=\"width:204px\" srcset=\"https:\/\/fss.cd\/wp-content\/uploads\/2025\/03\/avatarH.jpg 600w, https:\/\/fss.cd\/wp-content\/uploads\/2025\/03\/avatarH-300x300.jpg 300w, https:\/\/fss.cd\/wp-content\/uploads\/2025\/03\/avatarH-150x150.jpg 150w\" sizes=\"auto, (max-width: 600px) 100vw, 600px\" \/><\/figure>\n\n\n\n<div style=\"height:20px\" aria-hidden=\"true\" class=\"wp-block-spacer\"><\/div>\n\n\n\n<h2 class=\"wp-block-heading\" style=\"font-size:23px\">    Mr. Lubala Louis<\/h2>\n\n\n\n<p class=\"has-text-color has-link-color wp-elements-c2fe5371c9751bcb6aec086126bdcce2\" style=\"color:#1173c5\">Directeur G\u00e9n\u00e9ral Adjoint (DGA)<\/p>\n<\/div>\n<\/div>\n\n\n\n<div class=\"wp-block-group\" style=\"margin-top:4rem\"><div class=\"wp-block-group__inner-container is-layout-constrained wp-container-core-group-is-layout-6d985aa7 wp-block-group-is-layout-constrained\">\n<div class=\"wp-block-columns is-layout-flex wp-container-core-columns-is-layout-6013020d wp-block-columns-is-layout-flex\">\n<div class=\"wp-block-column is-layout-constrained wp-container-core-column-is-layout-64d1d93a wp-block-column-is-layout-constrained\"><div class=\"wp-block-image is-style-rounded\">\n<figure class=\"aligncenter size-full is-resized\"><img loading=\"lazy\" decoding=\"async\" width=\"600\" height=\"600\" src=\"https:\/\/fss.cd\/wp-content\/uploads\/2025\/03\/avatarH.jpg\" alt=\"\" class=\"wp-image-539\" style=\"width:204px\" srcset=\"https:\/\/fss.cd\/wp-content\/uploads\/2025\/03\/avatarH.jpg 600w, https:\/\/fss.cd\/wp-content\/uploads\/2025\/03\/avatarH-300x300.jpg 300w, https:\/\/fss.cd\/wp-content\/uploads\/2025\/03\/avatarH-150x150.jpg 150w\" sizes=\"auto, (max-width: 600px) 100vw, 600px\" \/><\/figure>\n<\/div>\n\n\n<h4 class=\"wp-block-heading has-text-align-center has-text-color has-cormorant-font-family\" style=\"color:#1c2a45;padding-top:20px;font-size:23px;line-height:1.0\"> Mr. Tumba Tshangala Gerard<\/h4>\n\n\n\n<p class=\"has-text-align-center has-text-color has-mulish-font-family\" style=\"color:#1173c5;margin-top:5px;font-size:15px;letter-spacing:1px\">Administrateur<\/p>\n<\/div>\n\n\n\n<div class=\"wp-block-column is-layout-constrained wp-container-core-column-is-layout-64d1d93a wp-block-column-is-layout-constrained\"><div class=\"wp-block-image is-style-rounded\">\n<figure class=\"aligncenter size-full is-resized\"><img loading=\"lazy\" decoding=\"async\" width=\"600\" height=\"600\" src=\"https:\/\/fss.cd\/wp-content\/uploads\/2025\/03\/avatarH.jpg\" alt=\"\" class=\"wp-image-539\" style=\"width:204px\" srcset=\"https:\/\/fss.cd\/wp-content\/uploads\/2025\/03\/avatarH.jpg 600w, https:\/\/fss.cd\/wp-content\/uploads\/2025\/03\/avatarH-300x300.jpg 300w, https:\/\/fss.cd\/wp-content\/uploads\/2025\/03\/avatarH-150x150.jpg 150w\" sizes=\"auto, (max-width: 600px) 100vw, 600px\" \/><\/figure>\n<\/div>\n\n\n<h4 class=\"wp-block-heading has-text-align-center has-text-color has-cormorant-font-family\" style=\"color:#1c2a45;padding-top:20px;font-size:23px;line-height:1.0\">Mr. Kuku Guy<\/h4>\n\n\n\n<p class=\"has-text-align-center has-text-color has-mulish-font-family\" style=\"color:#1173c5;margin-top:5px;font-size:15px;letter-spacing:1px\">Administrateur<\/p>\n<\/div>\n\n\n\n<div class=\"wp-block-column is-layout-constrained wp-container-core-column-is-layout-64d1d93a wp-block-column-is-layout-constrained\"><div class=\"wp-block-image is-style-rounded\">\n<figure class=\"aligncenter size-full is-resized\"><img loading=\"lazy\" decoding=\"async\" width=\"600\" height=\"600\" src=\"https:\/\/fss.cd\/wp-content\/uploads\/2025\/03\/avatarH.jpg\" alt=\"\" class=\"wp-image-539\" style=\"width:204px\" srcset=\"https:\/\/fss.cd\/wp-content\/uploads\/2025\/03\/avatarH.jpg 600w, https:\/\/fss.cd\/wp-content\/uploads\/2025\/03\/avatarH-300x300.jpg 300w, https:\/\/fss.cd\/wp-content\/uploads\/2025\/03\/avatarH-150x150.jpg 150w\" sizes=\"auto, (max-width: 600px) 100vw, 600px\" \/><\/figure>\n<\/div>\n\n\n<h4 class=\"wp-block-heading has-text-align-center has-text-color has-cormorant-font-family\" style=\"color:#1c2a45;padding-top:20px;font-size:23px;line-height:1.0\">Mr. Katunga Ntambwe Andre<\/h4>\n\n\n\n<p class=\"has-text-align-center has-text-color has-mulish-font-family\" style=\"color:#1173c5;margin-top:5px;font-size:15px;letter-spacing:1px\">Administrateur<\/p>\n<\/div>\n<\/div>\n<\/div><\/div>\n<\/div><\/section>\n\n\n\n<div class=\"wp-block-group alignfull has-text-color has-background has-link-color wp-elements-ccc90ab903ccbed0690709d4c071a561\" style=\"color:#fff2f2;background-color:#fff2f2;margin-top:0px;margin-bottom:0px;padding-top:7rem;padding-bottom:6rem\"><div class=\"wp-block-group__inner-container is-layout-constrained wp-block-group-is-layout-constrained\">\n<div class=\"wp-block-group\" style=\"padding-right:1rem;padding-left:1rem\"><div class=\"wp-block-group__inner-container is-layout-constrained wp-container-core-group-is-layout-d9340e95 wp-block-group-is-layout-constrained\">\n<h2 class=\"wp-block-heading has-text-align-center has-text-color has-link-color wp-elements-d92ad08483b6ea9840d0663c42a28f71\" style=\"color:#3e3e3e;font-size:2.4rem;font-style:normal;font-weight:400\">Contactez-nous aujourd&rsquo;hui<\/h2>\n\n\n\n<p class=\"has-text-align-center has-text-color has-link-color wp-elements-15d5a8db4c3ae49c76d5ce1fd2ce6515\" style=\"color:#3e3e3e;font-size:1.3rem\">Nous sommes l\u00e0 pour vous aider ! \u00c9crivez-nous.<\/p>\n\n\n\n<div class=\"wp-block-buttons has-custom-font-size is-content-justification-center is-layout-flex wp-container-core-buttons-is-layout-825c694a wp-block-buttons-is-layout-flex\" style=\"margin-top:2rem;margin-bottom:2rem;font-size:1.1rem;line-height:1.5\">\n<div class=\"wp-block-button is-style-fill\"><a class=\"wp-block-button__link has-text-color has-background has-custom-font-size wp-element-button\" href=\"https:\/\/fss.cd\/index.php\/contact\/\" style=\"border-radius:0px;color:#ffffff;background-color:#e27013;padding-top:0.9rem;padding-right:3.5rem;padding-bottom:0.9rem;padding-left:3.5rem;font-size:1.1rem;font-style:normal;font-weight:400;line-height:1.1;text-transform:uppercase\">ECRIVEZ-NOUS<\/a><\/div>\n<\/div>\n<\/div><\/div>\n\n\n\n<p><\/p>\n<\/div><\/div>\n","protected":false},"excerpt":{"rendered":"<p>Soins de qualit\u00e9 pour tous en RDC Notre engagement : Am\u00e9liorer la qualit\u00e9 des soins de sant\u00e9 \u00e0 travers tout le pays. Nous croyons que [&hellip;]<\/p>\n","protected":false},"author":1,"featured_media":1057,"parent":0,"menu_order":0,"comment_status":"closed","ping_status":"closed","template":"","meta":{"footnotes":""},"class_list":["post-24","page","type-page","status-publish","has-post-thumbnail","hentry"],"featured_image_src":"https:\/\/fss.cd\/wp-content\/uploads\/2025\/07\/PROPO.png","featured_image_src_square":"https:\/\/fss.cd\/wp-content\/uploads\/2025\/07\/PROPO.png","rbea_author_info":{"display_name":"admin","author_link":"https:\/\/fss.cd\/index.php\/author\/admin\/"},"rbea_excerpt_info":"Soins de qualit\u00e9 pour tous en RDC Notre engagement : Am\u00e9liorer la qualit\u00e9 des soins de sant\u00e9 \u00e0 travers tout le pays. Nous croyons que [&hellip;]","rttpg_featured_image_url":{"full":["https:\/\/fss.cd\/wp-content\/uploads\/2025\/07\/PROPO.png",1288,280,false],"landscape":["https:\/\/fss.cd\/wp-content\/uploads\/2025\/07\/PROPO.png",1288,280,false],"portraits":["https:\/\/fss.cd\/wp-content\/uploads\/2025\/07\/PROPO.png",1288,280,false],"thumbnail":["https:\/\/fss.cd\/wp-content\/uploads\/2025\/07\/PROPO-150x150.png",150,150,true],"medium":["https:\/\/fss.cd\/wp-content\/uploads\/2025\/07\/PROPO-300x65.png",300,65,true],"large":["https:\/\/fss.cd\/wp-content\/uploads\/2025\/07\/PROPO-1024x223.png",640,139,true],"1536x1536":["https:\/\/fss.cd\/wp-content\/uploads\/2025\/07\/PROPO.png",1288,280,false],"2048x2048":["https:\/\/fss.cd\/wp-content\/uploads\/2025\/07\/PROPO.png",1288,280,false]},"rttpg_author":{"display_name":"admin","author_link":"https:\/\/fss.cd\/index.php\/author\/admin\/"},"rttpg_comment":0,"rttpg_category":null,"rttpg_excerpt":"Soins de qualit\u00e9 pour tous en RDC Notre engagement : Am\u00e9liorer la qualit\u00e9 des soins de sant\u00e9 \u00e0 travers tout le pays. Nous croyons que [&hellip;]","_links":{"self":[{"href":"https:\/\/fss.cd\/index.php\/wp-json\/wp\/v2\/pages\/24","targetHints":{"allow":["GET"]}}],"collection":[{"href":"https:\/\/fss.cd\/index.php\/wp-json\/wp\/v2\/pages"}],"about":[{"href":"https:\/\/fss.cd\/index.php\/wp-json\/wp\/v2\/types\/page"}],"author":[{"embeddable":true,"href":"https:\/\/fss.cd\/index.php\/wp-json\/wp\/v2\/users\/1"}],"replies":[{"embeddable":true,"href":"https:\/\/fss.cd\/index.php\/wp-json\/wp\/v2\/comments?post=24"}],"version-history":[{"count":105,"href":"https:\/\/fss.cd\/index.php\/wp-json\/wp\/v2\/pages\/24\/revisions"}],"predecessor-version":[{"id":1093,"href":"https:\/\/fss.cd\/index.php\/wp-json\/wp\/v2\/pages\/24\/revisions\/1093"}],"wp:featuredmedia":[{"embeddable":true,"href":"https:\/\/fss.cd\/index.php\/wp-json\/wp\/v2\/media\/1057"}],"wp:attachment":[{"href":"https:\/\/fss.cd\/index.php\/wp-json\/wp\/v2\/media?parent=24"}],"curies":[{"name":"wp","href":"https:\/\/api.w.org\/{rel}","templated":true}]}}