{"id":203,"date":"2024-12-18T16:11:37","date_gmt":"2024-12-18T16:11:37","guid":{"rendered":"https:\/\/dev.fss.cd\/?page_id=203"},"modified":"2025-07-28T14:33:38","modified_gmt":"2025-07-28T14:33:38","slug":"assurance-maladie","status":"publish","type":"page","link":"https:\/\/fss.cd\/index.php\/services\/assurance-maladie\/","title":{"rendered":"Assurance Maladie"},"content":{"rendered":"\n<div style=\"color:#0856b5;border-style:none;border-width:1px;border-radius:0;box-shadow:0px 0px 20px 20px undefined ;text-align:left-aligned;padding-left:60px;padding-right:60px;padding-top:0;padding-bottom:30px;opacity:1\" class=\"wp-block-skt-blocks-blockquote left-aligned skt-blocks-font-size-25 skt-blocks-block-quote\"><div class=\"skt-blocks-block-blockquote-item\"><div class=\"skt-blocks-block-blockquote-quote\" style=\"height:70px;width:70px;left:30px;top:20px;opacity:1\"><svg xmlns=\"http:\/\/www.w3.org\/2000\/svg\" viewBox=\"0 0 50 50\"><path d=\"M22.3 30.5c0 6-4.8 10.8-10.8 10.8-2.3 0-4.5-.8-6.3-2-.9-.6-1.8-1.4-2.5-2.4-1.8-2.4-2.7-5.4-2.7-9 0-4.5 1.3-8.5 4-11.9 2.7-3.4 6.4-5.8 11.1-7.3v2.8c-2.7 2.2-4.4 5-4.9 8.3.4-.1.9-.1 1.3-.1 6-.1 10.8 4.8 10.8 10.8zm16.9-10.9c-.5 0-.9 0-1.3.1.5-3.3 2.2-6.1 4.9-8.3V8.7c-4.7 1.4-8.4 3.9-11.1 7.3-2.7 3.4-4 7.4-4 11.9 0 3.6.9 6.6 2.7 9 .8 1 1.6 1.8 2.5 2.4 1.8 1.3 3.9 2 6.3 2 6 0 10.8-4.8 10.8-10.8 0-6-4.8-10.9-10.8-10.9z\"><\/path><\/svg><\/div><span class=\"skt-blocks-block-blockquote-text\" style=\"text-align:left-aligned;font-size:25px;font-weight:600;line-height:1\">\u00ab\u00a0<em>Couverture aussi audacieuse que vous l\u2019 \u00eates<\/em>!\u00a0\u00bb<\/span><\/div><\/div>\n\n\n\n<figure class=\"wp-block-image size-large\"><img loading=\"lazy\" decoding=\"async\" width=\"819\" height=\"1024\" src=\"https:\/\/fss.cd\/wp-content\/uploads\/2025\/07\/photo-askari-site-819x1024.png\" alt=\"\" class=\"wp-image-958\" srcset=\"https:\/\/fss.cd\/wp-content\/uploads\/2025\/07\/photo-askari-site-819x1024.png 819w, https:\/\/fss.cd\/wp-content\/uploads\/2025\/07\/photo-askari-site-240x300.png 240w, https:\/\/fss.cd\/wp-content\/uploads\/2025\/07\/photo-askari-site-768x960.png 768w, https:\/\/fss.cd\/wp-content\/uploads\/2025\/07\/photo-askari-site-1229x1536.png 1229w, https:\/\/fss.cd\/wp-content\/uploads\/2025\/07\/photo-askari-site.png 1600w\" sizes=\"auto, (max-width: 819px) 100vw, 819px\" \/><\/figure>\n\n\n\n<p><\/p>\n\n\n\n<p class=\"has-text-color has-link-color has-medium-font-size wp-elements-29fbc12f9278cd80fa69332a64bd9f02\" style=\"color:#0856b5\"><em><strong>Qui a dit que l&rsquo;assurance devait \u00eatre ennuyeuse ?<\/strong><\/em><\/p>\n\n\n\n<ul class=\"wp-block-list\">\n<li>Nous retournons le sc\u00e9nario avec des plans de sant\u00e9 qui ont *en fait* du sens &#8211; pas de surprises en petits caract\u00e8res, pas de d\u00e9tours \u00ab\u00a0d\u00e9sol\u00e9, pas couvert\u00a0\u00bb.<\/li>\n\n\n\n<li>Que vous soyez un accro \u00e0 la salle de sport, un pro de Netflix-and-chill ou quelque part entre les deux, nous sommes l\u00e0 pour vous (et vos articulations et vos contr\u00f4les annuels).<\/li>\n\n\n\n<li>Assurez-vous comme un patron, car votre sant\u00e9 m\u00e9rite plus qu&rsquo;un simple filet de s\u00e9curit\u00e9.<\/li>\n<\/ul>\n\n\n\n<p><\/p>\n","protected":false},"excerpt":{"rendered":"<p>Qui a dit que l&rsquo;assurance devait \u00eatre ennuyeuse ?<\/p>\n","protected":false},"author":2,"featured_media":963,"parent":207,"menu_order":0,"comment_status":"closed","ping_status":"closed","template":"","meta":{"footnotes":""},"class_list":["post-203","page","type-page","status-publish","has-post-thumbnail","hentry"],"featured_image_src":"https:\/\/fss.cd\/wp-content\/uploads\/2025\/07\/INFIRMIERE-SOIGNANT1.png","featured_image_src_square":"https:\/\/fss.cd\/wp-content\/uploads\/2025\/07\/INFIRMIERE-SOIGNANT1.png","rbea_author_info":{"display_name":"admin1","author_link":"https:\/\/fss.cd\/index.php\/author\/admin1\/"},"rbea_excerpt_info":"Qui a dit que l&rsquo;assurance devait \u00eatre ennuyeuse ?","rttpg_featured_image_url":{"full":["https:\/\/fss.cd\/wp-content\/uploads\/2025\/07\/INFIRMIERE-SOIGNANT1.png",1280,280,false],"landscape":["https:\/\/fss.cd\/wp-content\/uploads\/2025\/07\/INFIRMIERE-SOIGNANT1.png",1280,280,false],"portraits":["https:\/\/fss.cd\/wp-content\/uploads\/2025\/07\/INFIRMIERE-SOIGNANT1.png",1280,280,false],"thumbnail":["https:\/\/fss.cd\/wp-content\/uploads\/2025\/07\/INFIRMIERE-SOIGNANT1-150x150.png",150,150,true],"medium":["https:\/\/fss.cd\/wp-content\/uploads\/2025\/07\/INFIRMIERE-SOIGNANT1-300x66.png",300,66,true],"large":["https:\/\/fss.cd\/wp-content\/uploads\/2025\/07\/INFIRMIERE-SOIGNANT1-1024x224.png",640,140,true],"1536x1536":["https:\/\/fss.cd\/wp-content\/uploads\/2025\/07\/INFIRMIERE-SOIGNANT1.png",1280,280,false],"2048x2048":["https:\/\/fss.cd\/wp-content\/uploads\/2025\/07\/INFIRMIERE-SOIGNANT1.png",1280,280,false]},"rttpg_author":{"display_name":"admin1","author_link":"https:\/\/fss.cd\/index.php\/author\/admin1\/"},"rttpg_comment":0,"rttpg_category":null,"rttpg_excerpt":"Qui a dit que l&rsquo;assurance devait \u00eatre ennuyeuse ?","_links":{"self":[{"href":"https:\/\/fss.cd\/index.php\/wp-json\/wp\/v2\/pages\/203","targetHints":{"allow":["GET"]}}],"collection":[{"href":"https:\/\/fss.cd\/index.php\/wp-json\/wp\/v2\/pages"}],"about":[{"href":"https:\/\/fss.cd\/index.php\/wp-json\/wp\/v2\/types\/page"}],"author":[{"embeddable":true,"href":"https:\/\/fss.cd\/index.php\/wp-json\/wp\/v2\/users\/2"}],"replies":[{"embeddable":true,"href":"https:\/\/fss.cd\/index.php\/wp-json\/wp\/v2\/comments?post=203"}],"version-history":[{"count":29,"href":"https:\/\/fss.cd\/index.php\/wp-json\/wp\/v2\/pages\/203\/revisions"}],"predecessor-version":[{"id":1097,"href":"https:\/\/fss.cd\/index.php\/wp-json\/wp\/v2\/pages\/203\/revisions\/1097"}],"up":[{"embeddable":true,"href":"https:\/\/fss.cd\/index.php\/wp-json\/wp\/v2\/pages\/207"}],"wp:featuredmedia":[{"embeddable":true,"href":"https:\/\/fss.cd\/index.php\/wp-json\/wp\/v2\/media\/963"}],"wp:attachment":[{"href":"https:\/\/fss.cd\/index.php\/wp-json\/wp\/v2\/media?parent=203"}],"curies":[{"name":"wp","href":"https:\/\/api.w.org\/{rel}","templated":true}]}}