{"id":197,"date":"2024-12-18T15:49:18","date_gmt":"2024-12-18T15:49:18","guid":{"rendered":"https:\/\/dev.fss.cd\/?page_id=197"},"modified":"2025-08-04T10:01:43","modified_gmt":"2025-08-04T10:01:43","slug":"la-csu","status":"publish","type":"page","link":"https:\/\/fss.cd\/index.php\/about\/la-csu\/","title":{"rendered":"La CSU"},"content":{"rendered":"\n<div style=\"color:#0856b5;border-style:none;border-width:1px;border-radius:0;box-shadow:0px 0px 20px 20px undefined ;text-align:left-aligned;padding-left:60px;padding-right:60px;padding-top:70px;padding-bottom:70px;opacity:1\" class=\"wp-block-skt-blocks-blockquote left-aligned skt-blocks-font-size-24 skt-blocks-block-quote\"><div class=\"skt-blocks-block-blockquote-item\"><div class=\"skt-blocks-block-blockquote-quote\" style=\"height:70px;width:70px;left:30px;top:20px;opacity:1\"><svg xmlns=\"http:\/\/www.w3.org\/2000\/svg\" viewBox=\"0 0 50 50\"><path d=\"M22.3 30.5c0 6-4.8 10.8-10.8 10.8-2.3 0-4.5-.8-6.3-2-.9-.6-1.8-1.4-2.5-2.4-1.8-2.4-2.7-5.4-2.7-9 0-4.5 1.3-8.5 4-11.9 2.7-3.4 6.4-5.8 11.1-7.3v2.8c-2.7 2.2-4.4 5-4.9 8.3.4-.1.9-.1 1.3-.1 6-.1 10.8 4.8 10.8 10.8zm16.9-10.9c-.5 0-.9 0-1.3.1.5-3.3 2.2-6.1 4.9-8.3V8.7c-4.7 1.4-8.4 3.9-11.1 7.3-2.7 3.4-4 7.4-4 11.9 0 3.6.9 6.6 2.7 9 .8 1 1.6 1.8 2.5 2.4 1.8 1.3 3.9 2 6.3 2 6 0 10.8-4.8 10.8-10.8 0-6-4.8-10.9-10.8-10.9z\"><\/path><\/svg><\/div><span class=\"skt-blocks-block-blockquote-text\" style=\"text-align:left-aligned;font-size:24px;font-weight:600;line-height:1\">La CSU c&rsquo;est le ** Prends soin de toi, sans ruiner ton compte en banque** version mondiale. Sant\u00e9!<\/span><\/div><\/div>\n\n\n\n<p>La Couverture Sante Universelle (CSU) est un principe visant \u00e0 garantir que tous les individus aient acc\u00e8s a des services de sant\u00e9 de qualit\u00e9, sans subir des difficult\u00e9s financi\u00e8res.<\/p>\n\n\n\n<p>Elle repose sur trois objectifs principaux :<\/p>\n\n\n\n<ul class=\"wp-block-list\">\n<li><strong>Acc\u00e8s universel<\/strong> : Toute personne doit pouvoir b\u00e9n\u00e9ficier des soins n\u00e9cessaires (pr\u00e9ventifs, curatifs, palliatifs, etc.), quels que soient son statut social, son revenu ou son lieu de r\u00e9sidence.<\/li>\n\n\n\n<li><strong>Qualit\u00e9 des services<\/strong> : Les soins doivent \u00eatre efficaces, s\u00fbrs et adapt\u00e9s aux besoins des patients.<\/li>\n\n\n\n<li><strong>Protection financi\u00e8re<\/strong> : Le co\u00fbt des soins ne doit pas entrainer de difficult\u00e9s \u00e9conomiques pour les individus ou leurs familles.<\/li>\n<\/ul>\n","protected":false},"excerpt":{"rendered":"<p>La Couverture Sante Universelle (CSU) est un principe visant \u00e0 garantir que tous les individus aient acc\u00e8s a des services de sant\u00e9 de qualit\u00e9, sans [&hellip;]<\/p>\n","protected":false},"author":2,"featured_media":1091,"parent":24,"menu_order":0,"comment_status":"closed","ping_status":"closed","template":"","meta":{"footnotes":""},"class_list":["post-197","page","type-page","status-publish","has-post-thumbnail","hentry"],"featured_image_src":"https:\/\/fss.cd\/wp-content\/uploads\/2025\/07\/LA-CSU-P9.png","featured_image_src_square":"https:\/\/fss.cd\/wp-content\/uploads\/2025\/07\/LA-CSU-P9.png","rbea_author_info":{"display_name":"admin1","author_link":"https:\/\/fss.cd\/index.php\/author\/admin1\/"},"rbea_excerpt_info":"La Couverture Sante Universelle (CSU) est un principe visant \u00e0 garantir que tous les individus aient acc\u00e8s a des services de sant\u00e9 de qualit\u00e9, sans [&hellip;]","rttpg_featured_image_url":{"full":["https:\/\/fss.cd\/wp-content\/uploads\/2025\/07\/LA-CSU-P9.png",1288,280,false],"landscape":["https:\/\/fss.cd\/wp-content\/uploads\/2025\/07\/LA-CSU-P9.png",1288,280,false],"portraits":["https:\/\/fss.cd\/wp-content\/uploads\/2025\/07\/LA-CSU-P9.png",1288,280,false],"thumbnail":["https:\/\/fss.cd\/wp-content\/uploads\/2025\/07\/LA-CSU-P9-150x150.png",150,150,true],"medium":["https:\/\/fss.cd\/wp-content\/uploads\/2025\/07\/LA-CSU-P9-300x65.png",300,65,true],"large":["https:\/\/fss.cd\/wp-content\/uploads\/2025\/07\/LA-CSU-P9-1024x223.png",640,139,true],"1536x1536":["https:\/\/fss.cd\/wp-content\/uploads\/2025\/07\/LA-CSU-P9.png",1288,280,false],"2048x2048":["https:\/\/fss.cd\/wp-content\/uploads\/2025\/07\/LA-CSU-P9.png",1288,280,false]},"rttpg_author":{"display_name":"admin1","author_link":"https:\/\/fss.cd\/index.php\/author\/admin1\/"},"rttpg_comment":0,"rttpg_category":null,"rttpg_excerpt":"La Couverture Sante Universelle (CSU) est un principe visant \u00e0 garantir que tous les individus aient acc\u00e8s a des services de sant\u00e9 de qualit\u00e9, sans [&hellip;]","_links":{"self":[{"href":"https:\/\/fss.cd\/index.php\/wp-json\/wp\/v2\/pages\/197","targetHints":{"allow":["GET"]}}],"collection":[{"href":"https:\/\/fss.cd\/index.php\/wp-json\/wp\/v2\/pages"}],"about":[{"href":"https:\/\/fss.cd\/index.php\/wp-json\/wp\/v2\/types\/page"}],"author":[{"embeddable":true,"href":"https:\/\/fss.cd\/index.php\/wp-json\/wp\/v2\/users\/2"}],"replies":[{"embeddable":true,"href":"https:\/\/fss.cd\/index.php\/wp-json\/wp\/v2\/comments?post=197"}],"version-history":[{"count":9,"href":"https:\/\/fss.cd\/index.php\/wp-json\/wp\/v2\/pages\/197\/revisions"}],"predecessor-version":[{"id":1380,"href":"https:\/\/fss.cd\/index.php\/wp-json\/wp\/v2\/pages\/197\/revisions\/1380"}],"up":[{"embeddable":true,"href":"https:\/\/fss.cd\/index.php\/wp-json\/wp\/v2\/pages\/24"}],"wp:featuredmedia":[{"embeddable":true,"href":"https:\/\/fss.cd\/index.php\/wp-json\/wp\/v2\/media\/1091"}],"wp:attachment":[{"href":"https:\/\/fss.cd\/index.php\/wp-json\/wp\/v2\/media?parent=197"}],"curies":[{"name":"wp","href":"https:\/\/api.w.org\/{rel}","templated":true}]}}