{"id":191,"date":"2024-12-18T15:38:37","date_gmt":"2024-12-18T15:38:37","guid":{"rendered":"https:\/\/dev.fss.cd\/?page_id=191"},"modified":"2025-07-25T15:22:38","modified_gmt":"2025-07-25T15:22:38","slug":"le-contexte-juridique","status":"publish","type":"page","link":"https:\/\/fss.cd\/index.php\/about\/le-contexte-juridique\/","title":{"rendered":"Le contexte juridique"},"content":{"rendered":"\n<div style=\"color:#0856b5;border-style:none;border-width:1px;border-radius:0;box-shadow:0px 0px 20px 20px undefined ;text-align:left-aligned;padding-left:60px;padding-right:60px;padding-top:70px;padding-bottom:70px;opacity:1\" class=\"wp-block-skt-blocks-blockquote left-aligned skt-blocks-font-size-24 skt-blocks-block-quote\"><div class=\"skt-blocks-block-blockquote-item\"><div class=\"skt-blocks-block-blockquote-quote\" style=\"height:70px;width:70px;left:30px;top:20px;opacity:1\"><svg xmlns=\"http:\/\/www.w3.org\/2000\/svg\" viewBox=\"0 0 50 50\"><path d=\"M22.3 30.5c0 6-4.8 10.8-10.8 10.8-2.3 0-4.5-.8-6.3-2-.9-.6-1.8-1.4-2.5-2.4-1.8-2.4-2.7-5.4-2.7-9 0-4.5 1.3-8.5 4-11.9 2.7-3.4 6.4-5.8 11.1-7.3v2.8c-2.7 2.2-4.4 5-4.9 8.3.4-.1.9-.1 1.3-.1 6-.1 10.8 4.8 10.8 10.8zm16.9-10.9c-.5 0-.9 0-1.3.1.5-3.3 2.2-6.1 4.9-8.3V8.7c-4.7 1.4-8.4 3.9-11.1 7.3-2.7 3.4-4 7.4-4 11.9 0 3.6.9 6.6 2.7 9 .8 1 1.6 1.8 2.5 2.4 1.8 1.3 3.9 2 6.3 2 6 0 10.8-4.8 10.8-10.8 0-6-4.8-10.9-10.8-10.9z\"><\/path><\/svg><\/div><span class=\"skt-blocks-block-blockquote-text\" style=\"text-align:left-aligned;font-size:24px;font-weight:600;line-height:1\">\u00ab\u00a0<em>Comme un bricoleur qui ne manque jamais de vis, la RDC dispose d\u2019assez de lois dans sa boite <\/em>\u00e0<em> outils pour appliquer la CSU\u00a0\u00bb.<\/em><\/span><\/div><\/div>\n\n\n\n<ul class=\"wp-block-list\">\n<li>L\u2019Ordonnance-Loi N<sup>o<\/sup> 23\/006 du 3 mars 2023 modifiant et compl\u00e9tant la Loi N<sup>o<\/sup> 18\/035 du 13 d\u00e9cembre 2018 fixant les principes fondamentaux relatifs \u00e0 l\u2019organisation de la sant\u00e9 publique.<\/li>\n\n\n\n<li>La Loi N<sup>o<\/sup> 16\/009 du 15 juillet 2016 fixant les r\u00e8gles relatives au R\u00e9gime G\u00e9n\u00e9ral de la S\u00e9curit\u00e9 sociale.<\/li>\n\n\n\n<li>La Loi N<sup>o<\/sup> 22\/031 du 15\u00a0juillet 2022 portant r\u00e9gime sp\u00e9cial de s\u00e9curit\u00e9 sociale des agents publics de l\u2019Etat.<\/li>\n\n\n\n<li>La Loi N<sup>o<\/sup> 16\/010 du 15 juillet 2016 modifiant et compl\u00e9tant la Loi N<sup>o<\/sup> 015-2002 portant Code du travail.<\/li>\n\n\n\n<li>Ordonnance N<sup>o<\/sup> 23\/056 du 05 mai 2023 portant Organisation et Fonctionnement du Conseil National de la Couverture Sant\u00e9 Universelle en R\u00e9publique D\u00e9mocratique du Congo.<\/li>\n\n\n\n<li>D\u00e9cret N<sup>o<\/sup> 22\/13-17 du 09 avril 2022 portant organisation et fonctionnement des Etablissements de facilitation de la Couverture Sant\u00e9 Universelle en RD Congo.<\/li>\n<\/ul>\n","protected":false},"excerpt":{"rendered":"<p>D\u00e9cret n\u00b0 22\/13 du 09 avril 2022 portant organisation et fonctionnement d&rsquo;un Etablissement public d\u00e9nomm\u00e9 Fonds de Solidarit\u00e9 de Sant\u00e9 \u00ab FSS \u00bb en sigle<\/p>\n","protected":false},"author":2,"featured_media":998,"parent":24,"menu_order":0,"comment_status":"closed","ping_status":"closed","template":"","meta":{"footnotes":""},"class_list":["post-191","page","type-page","status-publish","has-post-thumbnail","hentry"],"featured_image_src":"https:\/\/fss.cd\/wp-content\/uploads\/2025\/07\/3.png","featured_image_src_square":"https:\/\/fss.cd\/wp-content\/uploads\/2025\/07\/3.png","rbea_author_info":{"display_name":"admin1","author_link":"https:\/\/fss.cd\/index.php\/author\/admin1\/"},"rbea_excerpt_info":"D\u00e9cret n\u00b0 22\/13 du 09 avril 2022 portant organisation et fonctionnement d'un Etablissement public d\u00e9nomm\u00e9 Fonds de Solidarit\u00e9 de Sant\u00e9 \u00ab FSS \u00bb en sigle","rttpg_featured_image_url":{"full":["https:\/\/fss.cd\/wp-content\/uploads\/2025\/07\/3.png",1288,280,false],"landscape":["https:\/\/fss.cd\/wp-content\/uploads\/2025\/07\/3.png",1288,280,false],"portraits":["https:\/\/fss.cd\/wp-content\/uploads\/2025\/07\/3.png",1288,280,false],"thumbnail":["https:\/\/fss.cd\/wp-content\/uploads\/2025\/07\/3-150x150.png",150,150,true],"medium":["https:\/\/fss.cd\/wp-content\/uploads\/2025\/07\/3-300x65.png",300,65,true],"large":["https:\/\/fss.cd\/wp-content\/uploads\/2025\/07\/3-1024x223.png",640,139,true],"1536x1536":["https:\/\/fss.cd\/wp-content\/uploads\/2025\/07\/3.png",1288,280,false],"2048x2048":["https:\/\/fss.cd\/wp-content\/uploads\/2025\/07\/3.png",1288,280,false]},"rttpg_author":{"display_name":"admin1","author_link":"https:\/\/fss.cd\/index.php\/author\/admin1\/"},"rttpg_comment":0,"rttpg_category":null,"rttpg_excerpt":"D\u00e9cret n\u00b0 22\/13 du 09 avril 2022 portant organisation et fonctionnement d'un Etablissement public d\u00e9nomm\u00e9 Fonds de Solidarit\u00e9 de Sant\u00e9 \u00ab FSS \u00bb en sigle","_links":{"self":[{"href":"https:\/\/fss.cd\/index.php\/wp-json\/wp\/v2\/pages\/191","targetHints":{"allow":["GET"]}}],"collection":[{"href":"https:\/\/fss.cd\/index.php\/wp-json\/wp\/v2\/pages"}],"about":[{"href":"https:\/\/fss.cd\/index.php\/wp-json\/wp\/v2\/types\/page"}],"author":[{"embeddable":true,"href":"https:\/\/fss.cd\/index.php\/wp-json\/wp\/v2\/users\/2"}],"replies":[{"embeddable":true,"href":"https:\/\/fss.cd\/index.php\/wp-json\/wp\/v2\/comments?post=191"}],"version-history":[{"count":10,"href":"https:\/\/fss.cd\/index.php\/wp-json\/wp\/v2\/pages\/191\/revisions"}],"predecessor-version":[{"id":1089,"href":"https:\/\/fss.cd\/index.php\/wp-json\/wp\/v2\/pages\/191\/revisions\/1089"}],"up":[{"embeddable":true,"href":"https:\/\/fss.cd\/index.php\/wp-json\/wp\/v2\/pages\/24"}],"wp:featuredmedia":[{"embeddable":true,"href":"https:\/\/fss.cd\/index.php\/wp-json\/wp\/v2\/media\/998"}],"wp:attachment":[{"href":"https:\/\/fss.cd\/index.php\/wp-json\/wp\/v2\/media?parent=191"}],"curies":[{"name":"wp","href":"https:\/\/api.w.org\/{rel}","templated":true}]}}