{"id":1541,"date":"2026-01-26T15:03:54","date_gmt":"2026-01-26T15:03:54","guid":{"rendered":"https:\/\/fss.cd\/?page_id=1541"},"modified":"2026-01-26T15:03:54","modified_gmt":"2026-01-26T15:03:54","slug":"verificateurtrice-financierere-ref-09-26-bn","status":"publish","type":"page","link":"https:\/\/fss.cd\/index.php\/verificateurtrice-financierere-ref-09-26-bn\/","title":{"rendered":"V\u00e9rificateur(trice) Financier(\u00e8re) &#8211; (R\u00e9f. : 09\/26\/BN)"},"content":{"rendered":"\n<figure class=\"wp-block-table is-style-stripes\"><table class=\"has-fixed-layout\"><tbody><tr><td>Publi\u00e9e le 15\/01\/2026<\/td><\/tr><tr><td>Lieu : Provinces<\/td><\/tr><tr><td>Description :<\/td><\/tr><\/tbody><\/table><\/figure>\n\n\n\n<figure class=\"wp-block-image size-full\"><img loading=\"lazy\" decoding=\"async\" width=\"711\" height=\"1028\" src=\"https:\/\/fss.cd\/wp-content\/uploads\/2026\/01\/1fss_260115_08-1-1.jpg\" alt=\"\" class=\"wp-image-1543\" srcset=\"https:\/\/fss.cd\/wp-content\/uploads\/2026\/01\/1fss_260115_08-1-1.jpg 711w, https:\/\/fss.cd\/wp-content\/uploads\/2026\/01\/1fss_260115_08-1-1-207x300.jpg 207w, https:\/\/fss.cd\/wp-content\/uploads\/2026\/01\/1fss_260115_08-1-1-708x1024.jpg 708w\" sizes=\"auto, (max-width: 711px) 100vw, 711px\" \/><\/figure>\n\n\n\n<figure class=\"wp-block-image size-full\"><img loading=\"lazy\" decoding=\"async\" width=\"711\" height=\"848\" src=\"https:\/\/fss.cd\/wp-content\/uploads\/2026\/01\/2fss_260115_08-2.jpg\" alt=\"\" class=\"wp-image-1544\" srcset=\"https:\/\/fss.cd\/wp-content\/uploads\/2026\/01\/2fss_260115_08-2.jpg 711w, https:\/\/fss.cd\/wp-content\/uploads\/2026\/01\/2fss_260115_08-2-252x300.jpg 252w\" sizes=\"auto, (max-width: 711px) 100vw, 711px\" \/><\/figure>\n\n\n\n<figure class=\"wp-block-image size-full\"><img loading=\"lazy\" decoding=\"async\" width=\"711\" height=\"842\" src=\"https:\/\/fss.cd\/wp-content\/uploads\/2026\/01\/3fss_260115_08-3.jpg\" alt=\"\" class=\"wp-image-1545\" srcset=\"https:\/\/fss.cd\/wp-content\/uploads\/2026\/01\/3fss_260115_08-3.jpg 711w, https:\/\/fss.cd\/wp-content\/uploads\/2026\/01\/3fss_260115_08-3-253x300.jpg 253w\" sizes=\"auto, (max-width: 711px) 100vw, 711px\" \/><\/figure>\n\n\n\n<figure class=\"wp-block-image size-full\"><img loading=\"lazy\" decoding=\"async\" width=\"711\" height=\"455\" src=\"https:\/\/fss.cd\/wp-content\/uploads\/2026\/01\/4fss_260115_08-4.jpg\" alt=\"\" class=\"wp-image-1546\" srcset=\"https:\/\/fss.cd\/wp-content\/uploads\/2026\/01\/4fss_260115_08-4.jpg 711w, https:\/\/fss.cd\/wp-content\/uploads\/2026\/01\/4fss_260115_08-4-300x192.jpg 300w\" sizes=\"auto, (max-width: 711px) 100vw, 711px\" \/><\/figure>\n\n\n\n<p><\/p>\n","protected":false},"excerpt":{"rendered":"<p>Publi\u00e9e le 15\/01\/2026 Lieu : Provinces Description :<\/p>\n","protected":false},"author":4,"featured_media":0,"parent":0,"menu_order":0,"comment_status":"closed","ping_status":"closed","template":"","meta":{"footnotes":""},"class_list":["post-1541","page","type-page","status-publish","hentry"],"featured_image_src":false,"featured_image_src_square":false,"rbea_author_info":{"display_name":"christian boy","author_link":"https:\/\/fss.cd\/index.php\/author\/boy\/"},"rbea_excerpt_info":"Publi\u00e9e le 15\/01\/2026 Lieu : Provinces Description :","rttpg_featured_image_url":null,"rttpg_author":{"display_name":"christian boy","author_link":"https:\/\/fss.cd\/index.php\/author\/boy\/"},"rttpg_comment":0,"rttpg_category":null,"rttpg_excerpt":"Publi\u00e9e le 15\/01\/2026 Lieu : Provinces Description :","_links":{"self":[{"href":"https:\/\/fss.cd\/index.php\/wp-json\/wp\/v2\/pages\/1541","targetHints":{"allow":["GET"]}}],"collection":[{"href":"https:\/\/fss.cd\/index.php\/wp-json\/wp\/v2\/pages"}],"about":[{"href":"https:\/\/fss.cd\/index.php\/wp-json\/wp\/v2\/types\/page"}],"author":[{"embeddable":true,"href":"https:\/\/fss.cd\/index.php\/wp-json\/wp\/v2\/users\/4"}],"replies":[{"embeddable":true,"href":"https:\/\/fss.cd\/index.php\/wp-json\/wp\/v2\/comments?post=1541"}],"version-history":[{"count":1,"href":"https:\/\/fss.cd\/index.php\/wp-json\/wp\/v2\/pages\/1541\/revisions"}],"predecessor-version":[{"id":1548,"href":"https:\/\/fss.cd\/index.php\/wp-json\/wp\/v2\/pages\/1541\/revisions\/1548"}],"wp:attachment":[{"href":"https:\/\/fss.cd\/index.php\/wp-json\/wp\/v2\/media?parent=1541"}],"curies":[{"name":"wp","href":"https:\/\/api.w.org\/{rel}","templated":true}]}}