{"id":1368,"date":"2025-08-04T09:28:30","date_gmt":"2025-08-04T09:28:30","guid":{"rendered":"https:\/\/dev.fss.cd\/?page_id=1368"},"modified":"2025-08-14T12:11:14","modified_gmt":"2025-08-14T12:11:14","slug":"stage","status":"publish","type":"page","link":"https:\/\/fss.cd\/index.php\/stage\/","title":{"rendered":"Stage"},"content":{"rendered":"\n<p><strong>Aucun stage professionnel n\u2019est disponible actuellement.<\/strong><br>Nous vous invitons \u00e0 consulter cette page r\u00e9guli\u00e8rement pour d\u00e9couvrir de nouvelles opportunit\u00e9s.<\/p>\n","protected":false},"excerpt":{"rendered":"<p>Aucun stage professionnel n\u2019est disponible actuellement.Nous vous invitons \u00e0 consulter cette page r\u00e9guli\u00e8rement pour d\u00e9couvrir de nouvelles opportunit\u00e9s.<\/p>\n","protected":false},"author":4,"featured_media":0,"parent":0,"menu_order":0,"comment_status":"closed","ping_status":"closed","template":"","meta":{"footnotes":""},"class_list":["post-1368","page","type-page","status-publish","hentry"],"featured_image_src":false,"featured_image_src_square":false,"rbea_author_info":{"display_name":"christian boy","author_link":"https:\/\/fss.cd\/index.php\/author\/boy\/"},"rbea_excerpt_info":"Aucun stage professionnel n\u2019est disponible actuellement.Nous vous invitons \u00e0 consulter cette page r\u00e9guli\u00e8rement pour d\u00e9couvrir de nouvelles opportunit\u00e9s.","rttpg_featured_image_url":null,"rttpg_author":{"display_name":"christian boy","author_link":"https:\/\/fss.cd\/index.php\/author\/boy\/"},"rttpg_comment":0,"rttpg_category":null,"rttpg_excerpt":"Aucun stage professionnel n\u2019est disponible actuellement.Nous vous invitons \u00e0 consulter cette page r\u00e9guli\u00e8rement pour d\u00e9couvrir de nouvelles opportunit\u00e9s.","_links":{"self":[{"href":"https:\/\/fss.cd\/index.php\/wp-json\/wp\/v2\/pages\/1368","targetHints":{"allow":["GET"]}}],"collection":[{"href":"https:\/\/fss.cd\/index.php\/wp-json\/wp\/v2\/pages"}],"about":[{"href":"https:\/\/fss.cd\/index.php\/wp-json\/wp\/v2\/types\/page"}],"author":[{"embeddable":true,"href":"https:\/\/fss.cd\/index.php\/wp-json\/wp\/v2\/users\/4"}],"replies":[{"embeddable":true,"href":"https:\/\/fss.cd\/index.php\/wp-json\/wp\/v2\/comments?post=1368"}],"version-history":[{"count":3,"href":"https:\/\/fss.cd\/index.php\/wp-json\/wp\/v2\/pages\/1368\/revisions"}],"predecessor-version":[{"id":1441,"href":"https:\/\/fss.cd\/index.php\/wp-json\/wp\/v2\/pages\/1368\/revisions\/1441"}],"wp:attachment":[{"href":"https:\/\/fss.cd\/index.php\/wp-json\/wp\/v2\/media?parent=1368"}],"curies":[{"name":"wp","href":"https:\/\/api.w.org\/{rel}","templated":true}]}}