{"id":1298,"date":"2025-08-01T15:20:26","date_gmt":"2025-08-01T15:20:26","guid":{"rendered":"https:\/\/dev.fss.cd\/?page_id=1298"},"modified":"2025-08-01T15:48:26","modified_gmt":"2025-08-01T15:48:26","slug":"promotion-de-la-sante-qualite-de-vie","status":"publish","type":"page","link":"https:\/\/fss.cd\/index.php\/prevention-sanitaire\/promotion-de-la-sante-qualite-de-vie\/","title":{"rendered":"Promotion de la sant\u00e9 | Qualit\u00e9 de vie et soins palliatifs"},"content":{"rendered":"\n<ul class=\"wp-block-list\">\n<li>Assurer la coordination des activit\u00e9s li\u00e9es aux soins palliatifs \u00e0 domicile.<\/li>\n\n\n\n<li>Assurer l\u2019appui de la formation et sensibilisation\u00a0des prestataires.<\/li>\n\n\n\n<li>Analyser les conditions de vie des citoyens dans divers domaines (sant\u00e9, environnement, logement, etc.).<\/li>\n\n\n\n<li>Mettre en \u0153uvre des programmes \u00e9ducatifs sur la qualit\u00e9 de vie et le bien-\u00eatre.<\/li>\n\n\n\n<li>Collaborer avec des organisations sanitaires, institutions et organisations (gouvernementales, non gouvernementales, entreprises) pour promouvoir les bonnes pratiques en sant\u00e9.<\/li>\n\n\n\n<li>Assurer la planification et d\u00e9veloppement des services.<\/li>\n\n\n\n<li>Support aux patients et aux familles.<\/li>\n\n\n\n<li>Recherche et innovation.<\/li>\n<\/ul>\n","protected":false},"excerpt":{"rendered":"","protected":false},"author":4,"featured_media":0,"parent":1251,"menu_order":0,"comment_status":"closed","ping_status":"closed","template":"","meta":{"footnotes":""},"class_list":["post-1298","page","type-page","status-publish","hentry"],"featured_image_src":false,"featured_image_src_square":false,"rbea_author_info":{"display_name":"christian boy","author_link":"https:\/\/fss.cd\/index.php\/author\/boy\/"},"rbea_excerpt_info":null,"rttpg_featured_image_url":null,"rttpg_author":{"display_name":"christian boy","author_link":"https:\/\/fss.cd\/index.php\/author\/boy\/"},"rttpg_comment":0,"rttpg_category":null,"rttpg_excerpt":null,"_links":{"self":[{"href":"https:\/\/fss.cd\/index.php\/wp-json\/wp\/v2\/pages\/1298","targetHints":{"allow":["GET"]}}],"collection":[{"href":"https:\/\/fss.cd\/index.php\/wp-json\/wp\/v2\/pages"}],"about":[{"href":"https:\/\/fss.cd\/index.php\/wp-json\/wp\/v2\/types\/page"}],"author":[{"embeddable":true,"href":"https:\/\/fss.cd\/index.php\/wp-json\/wp\/v2\/users\/4"}],"replies":[{"embeddable":true,"href":"https:\/\/fss.cd\/index.php\/wp-json\/wp\/v2\/comments?post=1298"}],"version-history":[{"count":4,"href":"https:\/\/fss.cd\/index.php\/wp-json\/wp\/v2\/pages\/1298\/revisions"}],"predecessor-version":[{"id":1308,"href":"https:\/\/fss.cd\/index.php\/wp-json\/wp\/v2\/pages\/1298\/revisions\/1308"}],"up":[{"embeddable":true,"href":"https:\/\/fss.cd\/index.php\/wp-json\/wp\/v2\/pages\/1251"}],"wp:attachment":[{"href":"https:\/\/fss.cd\/index.php\/wp-json\/wp\/v2\/media?parent=1298"}],"curies":[{"name":"wp","href":"https:\/\/api.w.org\/{rel}","templated":true}]}}