{"id":1296,"date":"2025-08-01T15:18:33","date_gmt":"2025-08-01T15:18:33","guid":{"rendered":"https:\/\/dev.fss.cd\/?page_id=1296"},"modified":"2025-08-01T15:44:58","modified_gmt":"2025-08-01T15:44:58","slug":"promotion-de-la-sante-indigents-et-vulnerables","status":"publish","type":"page","link":"https:\/\/fss.cd\/index.php\/prevention-sanitaire\/promotion-de-la-sante-indigents-et-vulnerables\/","title":{"rendered":"Promotion de la sant\u00e9 | Indigents et vuln\u00e9rables"},"content":{"rendered":"\n<ul class=\"wp-block-list\">\n<li>Assurer l\u2019appui de la prise en charge des indigents.<\/li>\n\n\n\n<li>Etablir un cadre de collaboration avec les partenaires (Minist\u00e8res en charge de la Sant\u00e9 et des Affaires Sociales, les Gouvernorats, les leaders religieux, les responsables des entit\u00e9s d\u00e9centralis\u00e9es, etc.).<\/li>\n\n\n\n<li>Assurer l\u2019appui de la prise en charge des vuln\u00e9rables en collaboration avec l\u2019ANICNS.<\/li>\n\n\n\n<li>Suivi et \u00e9valuation de la prise en charge des indigents en collaboration avec la Direction technique de FSS.<\/li>\n<\/ul>\n\n\n\n<p><\/p>\n","protected":false},"excerpt":{"rendered":"","protected":false},"author":4,"featured_media":0,"parent":1251,"menu_order":0,"comment_status":"closed","ping_status":"closed","template":"","meta":{"footnotes":""},"class_list":["post-1296","page","type-page","status-publish","hentry"],"featured_image_src":false,"featured_image_src_square":false,"rbea_author_info":{"display_name":"christian boy","author_link":"https:\/\/fss.cd\/index.php\/author\/boy\/"},"rbea_excerpt_info":null,"rttpg_featured_image_url":null,"rttpg_author":{"display_name":"christian boy","author_link":"https:\/\/fss.cd\/index.php\/author\/boy\/"},"rttpg_comment":0,"rttpg_category":null,"rttpg_excerpt":null,"_links":{"self":[{"href":"https:\/\/fss.cd\/index.php\/wp-json\/wp\/v2\/pages\/1296","targetHints":{"allow":["GET"]}}],"collection":[{"href":"https:\/\/fss.cd\/index.php\/wp-json\/wp\/v2\/pages"}],"about":[{"href":"https:\/\/fss.cd\/index.php\/wp-json\/wp\/v2\/types\/page"}],"author":[{"embeddable":true,"href":"https:\/\/fss.cd\/index.php\/wp-json\/wp\/v2\/users\/4"}],"replies":[{"embeddable":true,"href":"https:\/\/fss.cd\/index.php\/wp-json\/wp\/v2\/comments?post=1296"}],"version-history":[{"count":2,"href":"https:\/\/fss.cd\/index.php\/wp-json\/wp\/v2\/pages\/1296\/revisions"}],"predecessor-version":[{"id":1305,"href":"https:\/\/fss.cd\/index.php\/wp-json\/wp\/v2\/pages\/1296\/revisions\/1305"}],"up":[{"embeddable":true,"href":"https:\/\/fss.cd\/index.php\/wp-json\/wp\/v2\/pages\/1251"}],"wp:attachment":[{"href":"https:\/\/fss.cd\/index.php\/wp-json\/wp\/v2\/media?parent=1296"}],"curies":[{"name":"wp","href":"https:\/\/api.w.org\/{rel}","templated":true}]}}