{"id":1293,"date":"2025-08-01T15:14:07","date_gmt":"2025-08-01T15:14:07","guid":{"rendered":"https:\/\/dev.fss.cd\/?page_id=1293"},"modified":"2025-08-01T15:43:16","modified_gmt":"2025-08-01T15:43:16","slug":"promotion-de-la-sante-formalisation-du-secteur-informel-de-services","status":"publish","type":"page","link":"https:\/\/fss.cd\/index.php\/prevention-sanitaire\/promotion-de-la-sante-formalisation-du-secteur-informel-de-services\/","title":{"rendered":"Promotion de la sant\u00e9 | Formalisation du secteur informel de services"},"content":{"rendered":"\n<ul class=\"wp-block-list\">\n<li>Etablir un cadre de collaboration avec les diff\u00e9rents partenaires, (l\u2019Inspection G\u00e9n\u00e9rale du Travail, les Syndicats des employeurs et travailleurs de diff\u00e9rentes organisations etc.).<\/li>\n\n\n\n<li>Identifier tous les travailleurs exclus du syst\u00e8me de protection sociale dans les champs d\u2019action suivants : Hotels, Bars, restaurants, Caf\u00e9, alimentations, supermarch\u00e9s, travailleurs de maison etc.<\/li>\n\n\n\n<li>Collaborer \u00e9troitement avec le service de Formalisation de l\u2019\u00e9conomie informelle associative, pour une sensibilisation plus large des assur\u00e9s (nb : il existe dans plusieurs entreprises formelles des travailleurs informels).<\/li>\n<\/ul>\n\n\n\n<p><\/p>\n","protected":false},"excerpt":{"rendered":"","protected":false},"author":4,"featured_media":0,"parent":1251,"menu_order":0,"comment_status":"closed","ping_status":"closed","template":"","meta":{"footnotes":""},"class_list":["post-1293","page","type-page","status-publish","hentry"],"featured_image_src":false,"featured_image_src_square":false,"rbea_author_info":{"display_name":"christian boy","author_link":"https:\/\/fss.cd\/index.php\/author\/boy\/"},"rbea_excerpt_info":null,"rttpg_featured_image_url":null,"rttpg_author":{"display_name":"christian boy","author_link":"https:\/\/fss.cd\/index.php\/author\/boy\/"},"rttpg_comment":0,"rttpg_category":null,"rttpg_excerpt":null,"_links":{"self":[{"href":"https:\/\/fss.cd\/index.php\/wp-json\/wp\/v2\/pages\/1293","targetHints":{"allow":["GET"]}}],"collection":[{"href":"https:\/\/fss.cd\/index.php\/wp-json\/wp\/v2\/pages"}],"about":[{"href":"https:\/\/fss.cd\/index.php\/wp-json\/wp\/v2\/types\/page"}],"author":[{"embeddable":true,"href":"https:\/\/fss.cd\/index.php\/wp-json\/wp\/v2\/users\/4"}],"replies":[{"embeddable":true,"href":"https:\/\/fss.cd\/index.php\/wp-json\/wp\/v2\/comments?post=1293"}],"version-history":[{"count":2,"href":"https:\/\/fss.cd\/index.php\/wp-json\/wp\/v2\/pages\/1293\/revisions"}],"predecessor-version":[{"id":1304,"href":"https:\/\/fss.cd\/index.php\/wp-json\/wp\/v2\/pages\/1293\/revisions\/1304"}],"up":[{"embeddable":true,"href":"https:\/\/fss.cd\/index.php\/wp-json\/wp\/v2\/pages\/1251"}],"wp:attachment":[{"href":"https:\/\/fss.cd\/index.php\/wp-json\/wp\/v2\/media?parent=1293"}],"curies":[{"name":"wp","href":"https:\/\/api.w.org\/{rel}","templated":true}]}}