{"id":1279,"date":"2025-08-01T14:54:28","date_gmt":"2025-08-01T14:54:28","guid":{"rendered":"https:\/\/dev.fss.cd\/?page_id=1279"},"modified":"2025-08-03T21:55:16","modified_gmt":"2025-08-03T21:55:16","slug":"prevention-documentation-des-accidents-de-la-route","status":"publish","type":"page","link":"https:\/\/fss.cd\/index.php\/prevention-sanitaire\/prevention-documentation-des-accidents-de-la-route\/","title":{"rendered":"Pr\u00e9vention | Documentation des accidents de la route"},"content":{"rendered":"\n<figure class=\"wp-block-image size-full\"><img loading=\"lazy\" decoding=\"async\" width=\"865\" height=\"376\" src=\"https:\/\/fss.cd\/wp-content\/uploads\/2025\/08\/Accidents-de-la-route.jpg\" alt=\"\" class=\"wp-image-1260\" srcset=\"https:\/\/fss.cd\/wp-content\/uploads\/2025\/08\/Accidents-de-la-route.jpg 865w, https:\/\/fss.cd\/wp-content\/uploads\/2025\/08\/Accidents-de-la-route-300x130.jpg 300w, https:\/\/fss.cd\/wp-content\/uploads\/2025\/08\/Accidents-de-la-route-768x334.jpg 768w\" sizes=\"auto, (max-width: 865px) 100vw, 865px\" \/><\/figure>\n\n\n\n<p><\/p>\n\n\n\n<ul class=\"wp-block-list\">\n<li>Collecter les donn\u00e9es, recueillir les informations sur les accidents de la route (les circonstances, les types de blessures, les v\u00e9hicules impliqu\u00e9s\u2026).<\/li>\n\n\n\n<li>Analyser les donn\u00e9es afin d\u2019identifier les tendances, les causes d\u2019accidents r\u00e9currents et les zones \u00e0 risque.<\/li>\n\n\n\n<li>Sensibiliser les usagers de la route afin d\u2019am\u00e9liorer la s\u00e9curit\u00e9 routi\u00e8re.<\/li>\n\n\n\n<li>Suivi et \u00e9valuation des mesures de pr\u00e9vention mises en place.<\/li>\n<\/ul>\n\n\n\n<p><\/p>\n","protected":false},"excerpt":{"rendered":"","protected":false},"author":4,"featured_media":0,"parent":1251,"menu_order":0,"comment_status":"closed","ping_status":"closed","template":"","meta":{"footnotes":""},"class_list":["post-1279","page","type-page","status-publish","hentry"],"featured_image_src":false,"featured_image_src_square":false,"rbea_author_info":{"display_name":"christian boy","author_link":"https:\/\/fss.cd\/index.php\/author\/boy\/"},"rbea_excerpt_info":null,"rttpg_featured_image_url":null,"rttpg_author":{"display_name":"christian boy","author_link":"https:\/\/fss.cd\/index.php\/author\/boy\/"},"rttpg_comment":0,"rttpg_category":null,"rttpg_excerpt":null,"_links":{"self":[{"href":"https:\/\/fss.cd\/index.php\/wp-json\/wp\/v2\/pages\/1279","targetHints":{"allow":["GET"]}}],"collection":[{"href":"https:\/\/fss.cd\/index.php\/wp-json\/wp\/v2\/pages"}],"about":[{"href":"https:\/\/fss.cd\/index.php\/wp-json\/wp\/v2\/types\/page"}],"author":[{"embeddable":true,"href":"https:\/\/fss.cd\/index.php\/wp-json\/wp\/v2\/users\/4"}],"replies":[{"embeddable":true,"href":"https:\/\/fss.cd\/index.php\/wp-json\/wp\/v2\/comments?post=1279"}],"version-history":[{"count":3,"href":"https:\/\/fss.cd\/index.php\/wp-json\/wp\/v2\/pages\/1279\/revisions"}],"predecessor-version":[{"id":1337,"href":"https:\/\/fss.cd\/index.php\/wp-json\/wp\/v2\/pages\/1279\/revisions\/1337"}],"up":[{"embeddable":true,"href":"https:\/\/fss.cd\/index.php\/wp-json\/wp\/v2\/pages\/1251"}],"wp:attachment":[{"href":"https:\/\/fss.cd\/index.php\/wp-json\/wp\/v2\/media?parent=1279"}],"curies":[{"name":"wp","href":"https:\/\/api.w.org\/{rel}","templated":true}]}}