{"id":1275,"date":"2025-08-01T14:43:26","date_gmt":"2025-08-01T14:43:26","guid":{"rendered":"https:\/\/dev.fss.cd\/?page_id=1275"},"modified":"2025-08-03T21:55:59","modified_gmt":"2025-08-03T21:55:59","slug":"sante-environnementale-2","status":"publish","type":"page","link":"https:\/\/fss.cd\/index.php\/prevention-sanitaire\/sante-environnementale-2\/","title":{"rendered":"Pr\u00e9vention | Sant\u00e9 environnementale"},"content":{"rendered":"\n<figure class=\"wp-block-image\"><img loading=\"lazy\" decoding=\"async\" width=\"741\" height=\"387\" src=\"https:\/\/fss.cd\/wp-content\/uploads\/2025\/08\/Sante-environnementale.png\" alt=\"\" class=\"wp-image-1259\" srcset=\"https:\/\/fss.cd\/wp-content\/uploads\/2025\/08\/Sante-environnementale.png 741w, https:\/\/fss.cd\/wp-content\/uploads\/2025\/08\/Sante-environnementale-300x157.png 300w\" sizes=\"auto, (max-width: 741px) 100vw, 741px\" \/><\/figure>\n\n\n\n<p><\/p>\n\n\n\n<ul class=\"wp-block-list\">\n<li>Identification et \u00e9valuation des risques environnementaux associ\u00e9s \u00e0 la sant\u00e9.<\/li>\n\n\n\n<li>Mise en place des mesures de pr\u00e9vention (contr\u00f4le citoyen, campagnes de sensibilisation, enqu\u00eate sociale).<\/li>\n\n\n\n<li>Suivi et \u00e9valuation des mesures de pr\u00e9vention mises en place.<\/li>\n\n\n\n<li>Organiser la participation citoyenne (impliquer les citoyens dans le processus de gestion des risques environnementaux).<\/li>\n<\/ul>\n\n\n\n<p><\/p>\n","protected":false},"excerpt":{"rendered":"","protected":false},"author":4,"featured_media":0,"parent":1251,"menu_order":0,"comment_status":"closed","ping_status":"closed","template":"","meta":{"footnotes":""},"class_list":["post-1275","page","type-page","status-publish","hentry"],"featured_image_src":false,"featured_image_src_square":false,"rbea_author_info":{"display_name":"christian boy","author_link":"https:\/\/fss.cd\/index.php\/author\/boy\/"},"rbea_excerpt_info":null,"rttpg_featured_image_url":null,"rttpg_author":{"display_name":"christian boy","author_link":"https:\/\/fss.cd\/index.php\/author\/boy\/"},"rttpg_comment":0,"rttpg_category":null,"rttpg_excerpt":null,"_links":{"self":[{"href":"https:\/\/fss.cd\/index.php\/wp-json\/wp\/v2\/pages\/1275","targetHints":{"allow":["GET"]}}],"collection":[{"href":"https:\/\/fss.cd\/index.php\/wp-json\/wp\/v2\/pages"}],"about":[{"href":"https:\/\/fss.cd\/index.php\/wp-json\/wp\/v2\/types\/page"}],"author":[{"embeddable":true,"href":"https:\/\/fss.cd\/index.php\/wp-json\/wp\/v2\/users\/4"}],"replies":[{"embeddable":true,"href":"https:\/\/fss.cd\/index.php\/wp-json\/wp\/v2\/comments?post=1275"}],"version-history":[{"count":4,"href":"https:\/\/fss.cd\/index.php\/wp-json\/wp\/v2\/pages\/1275\/revisions"}],"predecessor-version":[{"id":1338,"href":"https:\/\/fss.cd\/index.php\/wp-json\/wp\/v2\/pages\/1275\/revisions\/1338"}],"up":[{"embeddable":true,"href":"https:\/\/fss.cd\/index.php\/wp-json\/wp\/v2\/pages\/1251"}],"wp:attachment":[{"href":"https:\/\/fss.cd\/index.php\/wp-json\/wp\/v2\/media?parent=1275"}],"curies":[{"name":"wp","href":"https:\/\/api.w.org\/{rel}","templated":true}]}}