{"id":1217,"date":"2025-08-01T10:50:08","date_gmt":"2025-08-01T10:50:08","guid":{"rendered":"https:\/\/dev.fss.cd\/?page_id=1217"},"modified":"2026-02-24T18:33:21","modified_gmt":"2026-02-24T18:33:21","slug":"offres-demploi","status":"publish","type":"page","link":"https:\/\/fss.cd\/index.php\/offres-demploi\/","title":{"rendered":"Offres d\u2019emploi"},"content":{"rendered":"\n<style type=\"text\/css\"> .block-6db40d6e-411e-4572-b552-d58dd96cbb6f .skt-blocks-block-columns.overlay-type-color{\n background-color: rgba(255, 255, 255, 0.2); }\n .block-6db40d6e-411e-4572-b552-d58dd96cbb6f .skt-blocks-block-columns.overlay-type-gradient.linear{\n background-image: linear-gradient(0deg, rgba(255, 255, 255, 0.2) 0%, rgba(255, 255, 255, 0.2) 100%); }\n .block-6db40d6e-411e-4572-b552-d58dd96cbb6f .skt-blocks-block-columns.overlay-type-gradient.radial{\n background-image: radial-gradient( at center center, rgba(255, 255, 255, 0.2) 0%, rgba(255, 255, 255, 0.2) 100%); }\n .block-6db40d6e-411e-4572-b552-d58dd96cbb6f .skt-blocks-block-column{\n min-height: ; align-items: flex-start; }\n @media only screen and (min-width: 976px){\n .block-6db40d6e-411e-4572-b552-d58dd96cbb6f .skt-blocks-block-columns{\n padding-top: 10px; padding-bottom: 10px; padding-left: 10px; padding-right: 10px; margin-top: 0px; margin-bottom: 0px; }\n}\n @media only screen and (max-width: 976px){\n .block-6db40d6e-411e-4572-b552-d58dd96cbb6f .skt-blocks-block-columns{\n padding-top: undefinedpx; padding-bottom: undefinedpx; padding-left: undefinedpx; padding-right: undefinedpx; margin-top: undefinedpx; margin-bottom: undefinedpx; }\n}\n @media only screen and (max-width: 767px){\n .block-6db40d6e-411e-4572-b552-d58dd96cbb6f .skt-blocks-block-columns{\n padding-top: undefinedpx; padding-bottom: undefinedpx; padding-left: undefinedpx; padding-right: undefinedpx; margin-top: undefinedpx; margin-bottom: undefinedpx; }\n}\n<\/style><div class=\"block-6db40d6e-411e-4572-b552-d58dd96cbb6f skt-blocks-advanced-column-outer-wrap undefined\" style=\"z-index:1\"><div class=\"skt-blocks-advanced-column alignundefined\"><div class=\"responsive-columns-wrap skt-blocks-block-columns responsive-columns__gap-default responsive-columns__stack-mobile responsive-columns__content-width-theme overlay-type-color linear\" style=\"text-align:left;border-width:1px;border-style:none;background-image:linear-gradient(90deg, rgba(6, 147, 227, 0.2) 0%,rgba(6, 147, 227, 0.2) 100%);box-shadow:0px 0px 0px 0px undefined \"><div class=\"responsive-columns-inner-wrap responsive-columns-columns-1\" style=\"max-width:100%\">\n<style type=\"text\/css\"> .block-7320d8f0-714e-43ff-8136-4de7de87b5b7 .skt-blocks-block-column {\n box-shadow: 0px 0px 0px 0px undefined ; }\n .block-7320d8f0-714e-43ff-8136-4de7de87b5b7 .skt-blocks-block-column:hover {\n box-shadow: 0px 0px 0px 0px #cccccc ; }\n @media only screen and (min-width: 976px){\n .block-7320d8f0-714e-43ff-8136-4de7de87b5b7 .skt-blocks-block-column{\n padding-top: undefinedpx; padding-bottom: undefinedpx; padding-left: undefinedpx; padding-right: undefinedpx; margin-top: undefinedpx; margin-bottom: undefinedpx; margin-left: undefinedpx; margin-right: undefinedpx; }\n}\n @media only screen and (max-width: 976px){\n .block-7320d8f0-714e-43ff-8136-4de7de87b5b7 .skt-blocks-block-column{\n padding-top: undefinedpx; padding-bottom: undefinedpx; padding-left: undefinedpx; padding-right: undefinedpx; margin-top: undefinedpx; margin-bottom: undefinedpx; margin-left: undefinedpx; margin-right: undefinedpx; }\n}\n @media only screen and (max-width: 767px){\n .block-7320d8f0-714e-43ff-8136-4de7de87b5b7 .skt-blocks-block-column{\n padding-top: undefinedpx; padding-bottom: undefinedpx; padding-left: undefinedpx; padding-right: undefinedpx; margin-top: undefinedpx; margin-bottom: undefinedpx; margin-left: undefinedpx; margin-right: undefinedpx; }\n}\n<\/style><div class=\"skt-blocks-advanced-column-child block-7320d8f0-714e-43ff-8136-4de7de87b5b7\" style=\"width:50%\"><div class=\"responsive-column-wrap skt-blocks-block-column\" style=\"border-width:1px;border-style:none\"><div class=\"responsive-column-inner-wrap overlay-type-color linear\">\n<p class=\"has-medium-font-size\">\u00ab Aucun recrutement n\u2019est ouvert pour le moment.<br>Nous vous invitons \u00e0 consulter r\u00e9guli\u00e8rement cette page afin de rester inform\u00e9 des prochaines opportunit\u00e9s. \u00bb<\/p>\n<\/div><\/div><\/div>\n<\/div><\/div><\/div><\/div>\n\n\n\n<p><\/p>\n","protected":false},"excerpt":{"rendered":"","protected":false},"author":4,"featured_media":0,"parent":0,"menu_order":0,"comment_status":"closed","ping_status":"closed","template":"","meta":{"footnotes":""},"class_list":["post-1217","page","type-page","status-publish","hentry"],"featured_image_src":false,"featured_image_src_square":false,"rbea_author_info":{"display_name":"christian boy","author_link":"https:\/\/fss.cd\/index.php\/author\/boy\/"},"rbea_excerpt_info":null,"rttpg_featured_image_url":null,"rttpg_author":{"display_name":"christian boy","author_link":"https:\/\/fss.cd\/index.php\/author\/boy\/"},"rttpg_comment":0,"rttpg_category":null,"rttpg_excerpt":null,"_links":{"self":[{"href":"https:\/\/fss.cd\/index.php\/wp-json\/wp\/v2\/pages\/1217","targetHints":{"allow":["GET"]}}],"collection":[{"href":"https:\/\/fss.cd\/index.php\/wp-json\/wp\/v2\/pages"}],"about":[{"href":"https:\/\/fss.cd\/index.php\/wp-json\/wp\/v2\/types\/page"}],"author":[{"embeddable":true,"href":"https:\/\/fss.cd\/index.php\/wp-json\/wp\/v2\/users\/4"}],"replies":[{"embeddable":true,"href":"https:\/\/fss.cd\/index.php\/wp-json\/wp\/v2\/comments?post=1217"}],"version-history":[{"count":26,"href":"https:\/\/fss.cd\/index.php\/wp-json\/wp\/v2\/pages\/1217\/revisions"}],"predecessor-version":[{"id":1596,"href":"https:\/\/fss.cd\/index.php\/wp-json\/wp\/v2\/pages\/1217\/revisions\/1596"}],"wp:attachment":[{"href":"https:\/\/fss.cd\/index.php\/wp-json\/wp\/v2\/media?parent=1217"}],"curies":[{"name":"wp","href":"https:\/\/api.w.org\/{rel}","templated":true}]}}